{"id":40,"date":"2026-01-30T15:03:14","date_gmt":"2026-01-30T15:03:14","guid":{"rendered":"https:\/\/djpete.eu\/erfahrungsberichte\/"},"modified":"2026-04-17T17:54:55","modified_gmt":"2026-04-17T17:54:55","slug":"erfahrungsberichte","status":"publish","type":"page","link":"https:\/\/djpete.eu\/en\/erfahrungsberichte\/","title":{"rendered":"Erfahrungsberichte"},"content":{"rendered":"<div class=\"wp-block-group alignfull is-style-ext-preset--group--natural-1--section has-background-background-color has-background has-global-padding is-layout-constrained wp-container-core-group-is-layout-ffba7dca wp-block-group-is-layout-constrained\" id=\"referenzen\" style=\"margin-top:0;margin-bottom:0;padding-top:var(--wp--preset--spacing--60);padding-bottom:var(--wp--preset--spacing--60)\">\n<div class=\"wp-block-group alignwide is-style-ext-preset--group--natural-1--item-card-1--align-start has-global-padding is-layout-constrained wp-block-group-is-layout-constrained is-style-ext-preset--group--natural-1--item-card-1--align-start--2\">\n<div class=\"wp-block-group alignwide is-style-default has-global-padding is-layout-constrained wp-container-core-group-is-layout-f611be13 wp-block-group-is-layout-constrained\" style=\"padding-top:var(--wp--preset--spacing--50);padding-right:var(--wp--preset--spacing--50);padding-bottom:var(--wp--preset--spacing--50);padding-left:var(--wp--preset--spacing--50)\">\n<figure class=\"wp-block-image aligncenter size-large wp-duotone-primary-foreground\"><img decoding=\"async\" src=\"data:image\/svg+xml;base64,PHN2ZyB3aWR0aD0iMTE2IiBoZWlnaHQ9IjE5IiB2aWV3Qm94PSIwIDAgMTE2IDE5IiBmaWxsPSJub25lIiB4bWxucz0iaHR0cDovL3d3dy53My5vcmcvMjAwMC9zdmciPgo8ZyBjbGlwLXBhdGg9InVybCgjY2xpcDBfMzAyXzE5MTQpIj4KPHBhdGggZD0iTTkuMDcwODggMC42MTIzNDNDOS40MTQ2MiAtMC4yMDQxMTUgMTAuNTg1NCAtMC4yMDQxMTQgMTAuOTI5MSAwLjYxMjM0NkwxMi45NTc5IDUuNDMxMjNDMTMuMTAyOSA1Ljc3NTQzIDEzLjQzMDYgNi4wMTA2MSAxMy44MDY3IDYuMDQwNEwxOS4wNzI3IDYuNDU3NDhDMTkuOTY0OSA2LjUyODE0IDIwLjMyNjcgNy42MjgxMyAxOS42NDY5IDguMjAzNEwxNS42MzQ4IDExLjU5ODdDMTUuMzQ4MiAxMS44NDEyIDE1LjIyMyAxMi4yMjE4IDE1LjMxMDYgMTIuNTg0M0wxNi41MzYzIDE3LjY2MUMxNi43NDQgMTguNTIxMSAxNS43OTY5IDE5LjIwMSAxNS4wMzMgMTguNzQwMUwxMC41MjQ1IDE2LjAxOTZDMTAuMjAyNSAxNS44MjUyIDkuNzk3NSAxNS44MjUyIDkuNDc1NDggMTYuMDE5Nkw0Ljk2Njk5IDE4Ljc0MDFDNC4yMDMxMSAxOS4yMDEgMy4yNTU5NiAxOC41MjExIDMuNDYzNjMgMTcuNjYxTDQuNjg5NDIgMTIuNTg0M0M0Ljc3Njk4IDEyLjIyMTggNC42NTE4MiAxMS44NDEyIDQuMzY1MjYgMTEuNTk4N0wwLjM1MzA2MiA4LjIwMzRDLTAuMzI2NzE4IDcuNjI4MTMgMC4wMzUwNjc5IDYuNTI4MTQgMC45MjcyOTEgNi40NTc0OEw2LjE5MzM2IDYuMDQwNEM2LjU2OTUgNi4wMTA2MSA2Ljg5NzE2IDUuNzc1NDMgNy4wNDIwNyA1LjQzMTIzTDkuMDcwODggMC42MTIzNDNaIiBmaWxsPSIjMjIyMjIyIi8+CjxwYXRoIGQ9Ik0zMy4wNzA5IDAuNjEyMzQzQzMzLjQxNDYgLTAuMjA0MTE1IDM0LjU4NTQgLTAuMjA0MTE0IDM0LjkyOTEgMC42MTIzNDZMMzYuOTU3OSA1LjQzMTIzQzM3LjEwMjkgNS43NzU0MyAzNy40MzA2IDYuMDEwNjEgMzcuODA2NyA2LjA0MDRMNDMuMDcyNyA2LjQ1NzQ4QzQzLjk2NDkgNi41MjgxNCA0NC4zMjY3IDcuNjI4MTMgNDMuNjQ2OSA4LjIwMzRMMzkuNjM0OCAxMS41OTg3QzM5LjM0ODIgMTEuODQxMiAzOS4yMjMgMTIuMjIxOCAzOS4zMTA2IDEyLjU4NDNMNDAuNTM2MyAxNy42NjFDNDAuNzQ0IDE4LjUyMTEgMzkuNzk2OSAxOS4yMDEgMzkuMDMzIDE4Ljc0MDFMMzQuNTI0NSAxNi4wMTk2QzM0LjIwMjUgMTUuODI1MiAzMy43OTc1IDE1LjgyNTIgMzMuNDc1NSAxNi4wMTk2TDI4Ljk2NyAxOC43NDAxQzI4LjIwMzEgMTkuMjAxIDI3LjI1NiAxOC41MjExIDI3LjQ2MzYgMTcuNjYxTDI4LjY4OTQgMTIuNTg0M0MyOC43NzcgMTIuMjIxOCAyOC42NTE4IDExLjg0MTIgMjguMzY1MyAxMS41OTg3TDI0LjM1MzEgOC4yMDM0QzIzLjY3MzMgNy42MjgxMyAyNC4wMzUxIDYuNTI4MTQgMjQuOTI3MyA2LjQ1NzQ4TDMwLjE5MzQgNi4wNDA0QzMwLjU2OTUgNi4wMTA2MSAzMC44OTcyIDUuNzc1NDMgMzEuMDQyMSA1LjQzMTIzTDMzLjA3MDkgMC42MTIzNDNaIiBmaWxsPSIjMjIyMjIyIi8+CjxwYXRoIGQ9Ik01Ny4wNzA5IDAuNjEyMzQzQzU3LjQxNDYgLTAuMjA0MTE1IDU4LjU4NTQgLTAuMjA0MTE0IDU4LjkyOTEgMC42MTIzNDZMNjAuOTU3OSA1LjQzMTIzQzYxLjEwMjkgNS43NzU0MyA2MS40MzA2IDYuMDEwNjEgNjEuODA2NyA2LjA0MDRMNjcuMDcyNyA2LjQ1NzQ4QzY3Ljk2NDkgNi41MjgxNCA2OC4zMjY3IDcuNjI4MTMgNjcuNjQ2OSA4LjIwMzRMNjMuNjM0OCAxMS41OTg3QzYzLjM0ODIgMTEuODQxMiA2My4yMjMgMTIuMjIxOCA2My4zMTA2IDEyLjU4NDNMNjQuNTM2MyAxNy42NjFDNjQuNzQ0IDE4LjUyMTEgNjMuNzk2OSAxOS4yMDEgNjMuMDMzIDE4Ljc0MDFMNTguNTI0NSAxNi4wMTk2QzU4LjIwMjUgMTUuODI1MiA1Ny43OTc1IDE1LjgyNTIgNTcuNDc1NSAxNi4wMTk2TDUyLjk2NyAxOC43NDAxQzUyLjIwMzEgMTkuMjAxIDUxLjI1NiAxOC41MjExIDUxLjQ2MzYgMTcuNjYxTDUyLjY4OTQgMTIuNTg0M0M1Mi43NzcgMTIuMjIxOCA1Mi42NTE4IDExLjg0MTIgNTIuMzY1MyAxMS41OTg3TDQ4LjM1MzEgOC4yMDM0QzQ3LjY3MzMgNy42MjgxMyA0OC4wMzUxIDYuNTI4MTQgNDguOTI3MyA2LjQ1NzQ4TDU0LjE5MzQgNi4wNDA0QzU0LjU2OTUgNi4wMTA2MSA1NC44OTcyIDUuNzc1NDMgNTUuMDQyMSA1LjQzMTIzTDU3LjA3MDkgMC42MTIzNDNaIiBmaWxsPSIjMjIyMjIyIi8+CjxwYXRoIGQ9Ik04MS4wNzA2IDAuNjEyMzQzQzgxLjQxNDQgLTAuMjA0MTE1IDgyLjU4NTEgLTAuMjA0MTE0IDgyLjkyODkgMC42MTIzNDZMODQuOTU3NiA1LjQzMTIzQzg1LjEwMjYgNS43NzU0MyA4NS40MzAzIDYuMDEwNjEgODUuODA2NCA2LjA0MDRMOTEuMDcyNCA2LjQ1NzQ4QzkxLjk2NDYgNi41MjgxNCA5Mi4zMjY0IDcuNjI4MTMgOTEuNjQ2NiA4LjIwMzRMODcuNjM0NSAxMS41OTg3Qzg3LjM0OCAxMS44NDEyIDg3LjIyMjggMTIuMjIxOCA4Ny4zMTAzIDEyLjU4NDNMODguNTM2MSAxNy42NjFDODguNzQzOCAxOC41MjExIDg3Ljc5NjYgMTkuMjAxIDg3LjAzMjggMTguNzQwMUw4Mi41MjQzIDE2LjAxOTZDODIuMjAyMyAxNS44MjUyIDgxLjc5NzMgMTUuODI1MiA4MS40NzUyIDE2LjAxOTZMNzYuOTY2NyAxOC43NDAxQzc2LjIwMjkgMTkuMjAxIDc1LjI1NTcgMTguNTIxMSA3NS40NjM0IDE3LjY2MUw3Ni42ODkyIDEyLjU4NDNDNzYuNzc2NyAxMi4yMjE4IDc2LjY1MTYgMTEuODQxMiA3Ni4zNjUgMTEuNTk4N0w3Mi4zNTI4IDguMjAzNEM3MS42NzMgNy42MjgxMyA3Mi4wMzQ4IDYuNTI4MTQgNzIuOTI3IDYuNDU3NDhMNzguMTkzMSA2LjA0MDRDNzguNTY5MyA2LjAxMDYxIDc4Ljg5NjkgNS43NzU0MyA3OS4wNDE4IDUuNDMxMjNMODEuMDcwNiAwLjYxMjM0M1oiIGZpbGw9IiMyMjIyMjIiLz4KPHBhdGggZD0iTTEwNS4wNzEgMC42MTIzNDNDMTA1LjQxNCAtMC4yMDQxMTUgMTA2LjU4NSAtMC4yMDQxMTQgMTA2LjkyOSAwLjYxMjM0NkwxMDguOTU4IDUuNDMxMjNDMTA5LjEwMyA1Ljc3NTQzIDEwOS40MyA2LjAxMDYxIDEwOS44MDYgNi4wNDA0TDExNS4wNzIgNi40NTc0OEMxMTUuOTY1IDYuNTI4MTQgMTE2LjMyNiA3LjYyODEzIDExNS42NDcgOC4yMDM0TDExMS42MzUgMTEuNTk4N0MxMTEuMzQ4IDExLjg0MTIgMTExLjIyMyAxMi4yMjE4IDExMS4zMSAxMi41ODQzTDExMi41MzYgMTcuNjYxQzExMi43NDQgMTguNTIxMSAxMTEuNzk3IDE5LjIwMSAxMTEuMDMzIDE4Ljc0MDFMMTA2LjUyNCAxNi4wMTk2QzEwNi4yMDIgMTUuODI1MiAxMDUuNzk3IDE1LjgyNTIgMTA1LjQ3NSAxNi4wMTk2TDEwMC45NjcgMTguNzQwMUMxMDAuMjAzIDE5LjIwMSA5OS4yNTU3IDE4LjUyMTEgOTkuNDYzNCAxNy42NjFMMTAwLjY4OSAxMi41ODQzQzEwMC43NzcgMTIuMjIxOCAxMDAuNjUyIDExLjg0MTIgMTAwLjM2NSAxMS41OTg3TDk2LjM1MjggOC4yMDM0Qzk1LjY3MyA3LjYyODEzIDk2LjAzNDggNi41MjgxNCA5Ni45MjcgNi40NTc0OEwxMDIuMTkzIDYuMDQwNEMxMDIuNTY5IDYuMDEwNjEgMTAyLjg5NyA1Ljc3NTQzIDEwMy4wNDIgNS40MzEyM0wxMDUuMDcxIDAuNjEyMzQzWiIgZmlsbD0iIzIyMjIyMiIvPgo8L2c+CjxkZWZzPgo8Y2xpcFBhdGggaWQ9ImNsaXAwXzMwMl8xOTE0Ij4KPHJlY3Qgd2lkdGg9IjExNiIgaGVpZ2h0PSIxOC44ODg5IiBmaWxsPSJ3aGl0ZSIvPgo8L2NsaXBQYXRoPgo8L2RlZnM+Cjwvc3ZnPgo=\" alt=\"\"\/><\/figure>\n\n\n\n<p class=\"has-text-align-center\" style=\"margin-top:var(--wp--preset--spacing--30);margin-bottom:24px;font-size:clamp(14px, 0.875rem + ((1vw - 3.2px) * 0.625), 20px);font-style:normal;font-weight:600\">DJ Pete Entertainment hat unsere Feier mit einem mitrei\u00dfenden Soundtrack und perfektem Timing zu einem unvergesslichen Erlebnis gemacht.<\/p>\n\n\n\n<div class=\"wp-block-group is-vertical is-content-justification-center is-nowrap is-layout-flex wp-container-core-group-is-layout-b24f4fca wp-block-group-is-layout-flex\" style=\"padding-top:0;padding-right:0;padding-bottom:0;padding-left:0\">\n<div class=\"wp-block-group has-global-padding is-layout-constrained wp-container-core-group-is-layout-fe9d9fd4 wp-block-group-is-layout-constrained\" style=\"padding-top:0;padding-right:0;padding-bottom:0;padding-left:0\"><\/div>\n\n\n\n<div class=\"wp-block-group has-global-padding is-layout-constrained wp-container-core-group-is-layout-639b5052 wp-block-group-is-layout-constrained\" style=\"padding-top:0;padding-right:0;padding-bottom:0;padding-left:0\">\n<h4 class=\"wp-block-heading has-text-align-center has-small-font-size\" style=\"font-style:normal;font-weight:600\">Miriam Hoffmann<\/h4>\n\n\n\n<p class=\"has-text-align-center has-small-font-size\" style=\"margin-top:4px;margin-bottom:0\">Eventmanagerin international<\/p>\n<\/div>\n<\/div>\n<\/div>\n<\/div>\n<\/div>\n\n\n\n<div class=\"wp-block-group alignfull is-style-ext-preset--group--natural-1--section has-tertiary-background-color has-background has-global-padding is-layout-constrained wp-container-core-group-is-layout-e955bbaf wp-block-group-is-layout-constrained\" style=\"margin-top:0;margin-bottom:0;padding-top:var(--wp--preset--spacing--70);padding-bottom:var(--wp--preset--spacing--70)\">\n<div class=\"wp-block-group alignwide is-vertical is-content-justification-center is-layout-flex wp-container-core-group-is-layout-c9ee0c5a wp-block-group-is-layout-flex\">\n<div class=\"wp-block-group has-global-padding is-layout-constrained wp-container-core-group-is-layout-5e05634a wp-block-group-is-layout-constrained\">\n<p class=\"has-text-align-center\"><\/p>\n<\/div>\n<\/div>\n\n\n\n<div class=\"wp-block-columns alignwide are-vertically-aligned-center is-layout-flex wp-container-core-columns-is-layout-174606dc wp-block-columns-is-layout-flex\">\n<div class=\"wp-block-column is-vertically-aligned-center is-layout-flow wp-block-column-is-layout-flow\">\n<div class=\"wp-block-group alignwide is-vertical is-layout-flex wp-container-core-group-is-layout-c35747d5 wp-block-group-is-layout-flex\">\n<div class=\"wp-block-group has-global-padding is-layout-constrained wp-container-core-group-is-layout-dd32767c wp-block-group-is-layout-constrained\">\n<h3 class=\"wp-block-heading\">Wie DJ Pete Entertainment jede Feier unvergesslich gestaltet.<\/h3>\n\n\n\n<p>Diese Geschichte zeigt, wie DJ Pete Entertainment selbst internationale Events mit der perfekten Musikauswahl bereichert und f\u00fcr beste Stimmung sorgt.<\/p>\n<\/div>\n<\/div>\n<\/div>\n\n\n\n<div class=\"wp-block-column is-vertically-aligned-center is-layout-flow wp-block-column-is-layout-flow\">\n<figure class=\"wp-block-image size-large is-style-ext-preset--image--natural-1--image-1--content-left is-style-ext-preset--image--natural-1--image-1--content-left--4\"><img loading=\"lazy\" decoding=\"async\" width=\"768\" height=\"1024\" src=\"https:\/\/djpete.eu\/wp-content\/uploads\/2026\/01\/IMG_20250815_114215-768x1024.jpg\" alt=\"\" class=\"wp-image-100\" style=\"aspect-ratio:4\/3;object-fit:cover\" srcset=\"https:\/\/djpete.eu\/wp-content\/uploads\/2026\/01\/IMG_20250815_114215-768x1024.jpg 768w, https:\/\/djpete.eu\/wp-content\/uploads\/2026\/01\/IMG_20250815_114215-225x300.jpg 225w, https:\/\/djpete.eu\/wp-content\/uploads\/2026\/01\/IMG_20250815_114215-1152x1536.jpg 1152w, https:\/\/djpete.eu\/wp-content\/uploads\/2026\/01\/IMG_20250815_114215-1536x2048.jpg 1536w, https:\/\/djpete.eu\/wp-content\/uploads\/2026\/01\/IMG_20250815_114215-9x12.jpg 9w, https:\/\/djpete.eu\/wp-content\/uploads\/2026\/01\/IMG_20250815_114215-scaled.jpg 1920w\" sizes=\"auto, (max-width: 768px) 100vw, 768px\" \/><\/figure>\n<\/div>\n<\/div>\n\n\n\n<div class=\"wp-block-columns alignwide are-vertically-aligned-center is-layout-flex wp-container-core-columns-is-layout-ed161d23 wp-block-columns-is-layout-flex\" style=\"margin-top:var(--wp--preset--spacing--50)\">\n<div class=\"wp-block-column is-vertically-aligned-center is-layout-flow wp-block-column-is-layout-flow\">\n<figure class=\"wp-block-image size-large is-style-ext-preset--image--natural-1--image-1--content-right is-style-ext-preset--image--natural-1--image-1--content-right--5\"><img loading=\"lazy\" decoding=\"async\" width=\"1024\" height=\"992\" src=\"https:\/\/djpete.eu\/wp-content\/uploads\/2026\/01\/IMG_20250623_111603-1024x992.jpg\" alt=\"\" class=\"wp-image-102\" style=\"aspect-ratio:4\/3;object-fit:cover\" srcset=\"https:\/\/djpete.eu\/wp-content\/uploads\/2026\/01\/IMG_20250623_111603-1024x992.jpg 1024w, https:\/\/djpete.eu\/wp-content\/uploads\/2026\/01\/IMG_20250623_111603-300x291.jpg 300w, https:\/\/djpete.eu\/wp-content\/uploads\/2026\/01\/IMG_20250623_111603-768x744.jpg 768w, https:\/\/djpete.eu\/wp-content\/uploads\/2026\/01\/IMG_20250623_111603-12x12.jpg 12w, https:\/\/djpete.eu\/wp-content\/uploads\/2026\/01\/IMG_20250623_111603.jpg 1080w\" sizes=\"auto, (max-width: 1024px) 100vw, 1024px\" \/><\/figure>\n<\/div>\n\n\n\n<div class=\"wp-block-column is-vertically-aligned-center is-layout-flow wp-block-column-is-layout-flow\">\n<div class=\"wp-block-group alignwide is-vertical is-layout-flex wp-container-core-group-is-layout-c35747d5 wp-block-group-is-layout-flex\">\n<div class=\"wp-block-group has-global-padding is-layout-constrained wp-container-core-group-is-layout-dd32767c wp-block-group-is-layout-constrained\">\n<h3 class=\"wp-block-heading\">Mit DJ Pete Entertainment dauerhaft unvergessliche Momente schaffen<\/h3>\n\n\n\n<p>Diese Fallstudie beleuchtet, wie DJ Pete Entertainment individuelle W\u00fcnsche umsetzt und so jede Veranstaltung zum Erfolg f\u00fchrt.<\/p>\n<\/div>\n<\/div>\n<\/div>\n<\/div>\n\n\n\n<div class=\"wp-block-columns alignwide are-vertically-aligned-center is-layout-flex wp-container-core-columns-is-layout-ed161d23 wp-block-columns-is-layout-flex\" style=\"margin-top:var(--wp--preset--spacing--50)\">\n<div class=\"wp-block-column is-vertically-aligned-center is-layout-flow wp-block-column-is-layout-flow\">\n<div class=\"wp-block-group alignwide is-vertical is-layout-flex wp-container-core-group-is-layout-c35747d5 wp-block-group-is-layout-flex\">\n<div class=\"wp-block-group has-global-padding is-layout-constrained wp-container-core-group-is-layout-dd32767c wp-block-group-is-layout-constrained\">\n<h3 class=\"wp-block-heading\">Verwandeln Sie Ihr Event mit der passenden musikalischen Begleitung.<\/h3>\n\n\n\n<p>Erfahren Sie, wie DJ Pete Entertainment Events weltweit mit professionellem Sound und Stimmung auf ein neues Level hebt.<\/p>\n<\/div>\n<\/div>\n<\/div>\n\n\n\n<div class=\"wp-block-column is-vertically-aligned-center is-layout-flow wp-block-column-is-layout-flow\">\n<figure class=\"wp-block-image size-large is-style-ext-preset--image--natural-1--image-1--content-left is-style-ext-preset--image--natural-1--image-1--content-left--6\"><img loading=\"lazy\" decoding=\"async\" width=\"1024\" height=\"684\" src=\"https:\/\/djpete.eu\/wp-content\/uploads\/2026\/01\/Pete-49-1024x684.jpg\" alt=\"\" class=\"wp-image-104\" style=\"aspect-ratio:1.3333333333333333;object-fit:cover\" srcset=\"https:\/\/djpete.eu\/wp-content\/uploads\/2026\/01\/Pete-49-1024x684.jpg 1024w, https:\/\/djpete.eu\/wp-content\/uploads\/2026\/01\/Pete-49-300x200.jpg 300w, https:\/\/djpete.eu\/wp-content\/uploads\/2026\/01\/Pete-49-768x513.jpg 768w, https:\/\/djpete.eu\/wp-content\/uploads\/2026\/01\/Pete-49-1536x1025.jpg 1536w, https:\/\/djpete.eu\/wp-content\/uploads\/2026\/01\/Pete-49-2048x1367.jpg 2048w, https:\/\/djpete.eu\/wp-content\/uploads\/2026\/01\/Pete-49-18x12.jpg 18w\" sizes=\"auto, (max-width: 1024px) 100vw, 1024px\" \/><\/figure>\n<\/div>\n<\/div>\n\n\n\n<div class=\"wp-block-buttons is-content-justification-center is-layout-flex wp-container-core-buttons-is-layout-a89b3969 wp-block-buttons-is-layout-flex\">\n<div class=\"wp-block-button is-style-ext-preset--button--natural-1--button-1 is-style-ext-preset--button--natural-1--button-1--7\"><a class=\"wp-block-button__link wp-element-button\" href=\"https:\/\/djpete.eu\/en\/kontakt\/\">Mehr erfahren<\/a><\/div>\n<\/div>\n<\/div>\n\n\n\n<div class=\"wp-block-group alignfull is-style-ext-preset--group--natural-1--section has-background-background-color has-background has-global-padding is-layout-constrained wp-container-core-group-is-layout-e955bbaf wp-block-group-is-layout-constrained\" style=\"margin-top:0;margin-bottom:0;padding-top:var(--wp--preset--spacing--70);padding-bottom:var(--wp--preset--spacing--70)\">\n<div class=\"wp-block-group alignwide is-vertical is-layout-flex wp-container-core-group-is-layout-c35747d5 wp-block-group-is-layout-flex\">\n<div class=\"wp-block-group has-global-padding is-layout-constrained wp-container-core-group-is-layout-5e05634a wp-block-group-is-layout-constrained\">\n<h2 class=\"wp-block-heading\">Vertrauen durch erstklassige DJ-Erfahrungen<\/h2>\n\n\n\n<p class=\"has-text-align-left\">Unsere Auszeichnungen und internationalen Referenzen stehen f\u00fcr Professionalit\u00e4t und h\u00f6chste Zuverl\u00e4ssigkeit.<\/p>\n<\/div>\n<\/div>\n\n\n\n<div class=\"wp-block-columns alignwide is-layout-flex wp-container-core-columns-is-layout-174606dc wp-block-columns-is-layout-flex\">\n<div class=\"wp-block-column is-vertically-aligned-center is-layout-flow wp-block-column-is-layout-flow\">\n<div class=\"wp-block-columns is-layout-flex wp-container-core-columns-is-layout-28f84493 wp-block-columns-is-layout-flex\">\n<div class=\"wp-block-column is-vertically-aligned-stretch is-layout-flow wp-block-column-is-layout-flow\">\n<div class=\"wp-block-group is-style-ext-preset--group--natural-1--item-card-1--align-start has-global-padding is-layout-constrained wp-block-group-is-layout-constrained is-style-ext-preset--group--natural-1--item-card-1--align-start--9\">\n<div class=\"wp-block-group is-style-default has-global-padding is-layout-constrained wp-block-group-is-layout-constrained\">\n<figure class=\"wp-block-image size-large ext-aspect-landscape wp-duotone-primary-foreground\"><img decoding=\"async\" src=\"data:image\/svg+xml;base64,PHN2ZyB4bWxucz0iaHR0cDovL3d3dy53My5vcmcvMjAwMC9zdmciIHdpZHRoPSI0OCIgaGVpZ2h0PSI0OCIgZmlsbD0iIzAwMDAwMCIgdmlld0JveD0iMCAwIDI1NiAyNTYiPjxwYXRoIGQ9Ik0xNzIsNzZhNDQsNDQsMCwxLDAtNDQsNDRBNDQuMDUsNDQuMDUsMCwwLDAsMTcyLDc2Wm0tNDQsMjhhMjgsMjgsMCwxLDEsMjgtMjhBMjgsMjgsMCwwLDEsMTI4LDEwNFptNjAsMjRhNDQsNDQsMCwxLDAsNDQsNDRBNDQuMDUsNDQuMDUsMCwwLDAsMTg4LDEyOFptMCw3MmEyOCwyOCwwLDEsMSwyOC0yOEEyOCwyOCwwLDAsMSwxODgsMjAwWk02OCwxMjhhNDQsNDQsMCwxLDAsNDQsNDRBNDQuMDUsNDQuMDUsMCwwLDAsNjgsMTI4Wm0wLDcyYTI4LDI4LDAsMSwxLDI4LTI4QTI4LDI4LDAsMCwxLDY4LDIwMFoiPjwvcGF0aD48L3N2Zz4=\" alt=\"\" style=\"object-fit:cover\"\/><\/figure>\n\n\n\n<h3 class=\"wp-block-heading\">International anerkannter DJ-Standard<\/h3>\n\n\n\n<p>Dieses Siegel best\u00e4tigt die internationale Anerkennung f\u00fcr exzellente DJ-Dienstleistungen bei diversen Events.<\/p>\n<\/div>\n<\/div>\n<\/div>\n\n\n\n<div class=\"wp-block-column is-vertically-aligned-stretch is-layout-flow wp-block-column-is-layout-flow\">\n<div class=\"wp-block-group is-style-ext-preset--group--natural-1--item-card-1--align-start has-global-padding is-layout-constrained wp-block-group-is-layout-constrained is-style-ext-preset--group--natural-1--item-card-1--align-start--10\">\n<div class=\"wp-block-group is-style-default has-global-padding is-layout-constrained wp-block-group-is-layout-constrained\">\n<figure class=\"wp-block-image size-large ext-aspect-landscape wp-duotone-primary-foreground\"><img decoding=\"async\" src=\"data:image\/svg+xml;base64,PHN2ZyB4bWxucz0iaHR0cDovL3d3dy53My5vcmcvMjAwMC9zdmciIHdpZHRoPSI0OCIgaGVpZ2h0PSI0OCIgZmlsbD0iIzAwMDAwMCIgdmlld0JveD0iMCAwIDI1NiAyNTYiPjxwYXRoIGQ9Ik04MCw0MGE0MCw0MCwwLDEsMCw0MCw0MEE0MCw0MCwwLDAsMCw4MCw0MFptMCw2NGEyNCwyNCwwLDEsMSwyNC0yNEEyNCwyNCwwLDAsMSw4MCwxMDRabTk2LDE2YTQwLDQwLDAsMSwwLTQwLTQwQTQwLDQwLDAsMCwwLDE3NiwxMjBabTAtNjRhMjQsMjQsMCwxLDEtMjQsMjRBMjQsMjQsMCwwLDEsMTc2LDU2Wk04MCwxMzZhNDAsNDAsMCwxLDAsNDAsNDBBNDAsNDAsMCwwLDAsODAsMTM2Wm0wLDY0YTI0LDI0LDAsMSwxLDI0LTI0QTI0LDI0LDAsMCwxLDgwLDIwMFptMTM2LTI0YTgsOCwwLDAsMS04LDhIMTg0djI0YTgsOCwwLDAsMS0xNiwwVjE4NEgxNDRhOCw4LDAsMCwxLDAtMTZoMjRWMTQ0YTgsOCwwLDAsMSwxNiwwdjI0aDI0QTgsOCwwLDAsMSwyMTYsMTc2WiI+PC9wYXRoPjwvc3ZnPg==\" alt=\"\" style=\"object-fit:cover\"\/><\/figure>\n\n\n\n<h3 class=\"wp-block-heading\">Zertifizierter Event-Entertainment-Profi<\/h3>\n\n\n\n<p>Es belegt die professionelle Qualifikation und langj\u00e4hrige Erfahrung im Entertainment-Bereich.<\/p>\n<\/div>\n<\/div>\n<\/div>\n<\/div>\n\n\n\n<div class=\"wp-block-columns is-layout-flex wp-container-core-columns-is-layout-28f84493 wp-block-columns-is-layout-flex\">\n<div class=\"wp-block-column is-vertically-aligned-stretch is-layout-flow wp-block-column-is-layout-flow\">\n<div class=\"wp-block-group is-style-ext-preset--group--natural-1--item-card-1--align-start has-global-padding is-layout-constrained wp-block-group-is-layout-constrained is-style-ext-preset--group--natural-1--item-card-1--align-start--11\">\n<div class=\"wp-block-group is-style-default has-global-padding is-layout-constrained wp-block-group-is-layout-constrained\">\n<figure class=\"wp-block-image size-large ext-aspect-landscape wp-duotone-primary-foreground\"><img decoding=\"async\" src=\"data:image\/svg+xml;base64,PHN2ZyB4bWxucz0iaHR0cDovL3d3dy53My5vcmcvMjAwMC9zdmciIHdpZHRoPSI0OCIgaGVpZ2h0PSI0OCIgZmlsbD0iIzAwMDAwMCIgdmlld0JveD0iMCAwIDI1NiAyNTYiPjxwYXRoIGQ9Ik04MCw0MGE0MCw0MCwwLDEsMCw0MCw0MEE0MCw0MCwwLDAsMCw4MCw0MFptMCw2NGEyNCwyNCwwLDEsMSwyNC0yNEEyNCwyNCwwLDAsMSw4MCwxMDRabTk2LDE2YTQwLDQwLDAsMSwwLTQwLTQwQTQwLDQwLDAsMCwwLDE3NiwxMjBabTAtNjRhMjQsMjQsMCwxLDEtMjQsMjRBMjQsMjQsMCwwLDEsMTc2LDU2Wk04MCwxMzZhNDAsNDAsMCwxLDAsNDAsNDBBNDAsNDAsMCwwLDAsODAsMTM2Wm0wLDY0YTI0LDI0LDAsMSwxLDI0LTI0QTI0LDI0LDAsMCwxLDgwLDIwMFptOTYtNjRhNDAsNDAsMCwxLDAsNDAsNDBBNDAsNDAsMCwwLDAsMTc2LDEzNlptMCw2NGEyNCwyNCwwLDEsMSwyNC0yNEEyNCwyNCwwLDAsMSwxNzYsMjAwWiI+PC9wYXRoPjwvc3ZnPg==\" alt=\"\" style=\"object-fit:cover\"\/><\/figure>\n\n\n\n<h3 class=\"wp-block-heading\">Kundenorientierte Serviceauszeichnung<\/h3>\n\n\n\n<p>Diese Anerkennung honoriert unsere ma\u00dfgeschneiderte Betreuung und Kundenzufriedenheit.<\/p>\n<\/div>\n<\/div>\n<\/div>\n\n\n\n<div class=\"wp-block-column is-vertically-aligned-stretch is-layout-flow wp-block-column-is-layout-flow\">\n<div class=\"wp-block-group is-style-ext-preset--group--natural-1--item-card-1--align-start has-global-padding is-layout-constrained wp-block-group-is-layout-constrained is-style-ext-preset--group--natural-1--item-card-1--align-start--12\">\n<div class=\"wp-block-group is-style-default has-global-padding is-layout-constrained wp-block-group-is-layout-constrained\">\n<figure class=\"wp-block-image size-large ext-aspect-landscape wp-duotone-primary-foreground\"><img decoding=\"async\" src=\"data:image\/svg+xml;base64,PHN2ZyB4bWxucz0iaHR0cDovL3d3dy53My5vcmcvMjAwMC9zdmciIHdpZHRoPSI0OCIgaGVpZ2h0PSI0OCIgZmlsbD0iIzAwMDAwMCIgdmlld0JveD0iMCAwIDI1NiAyNTYiPjxwYXRoIGQ9Ik0yNDgsMTI4YTU2LDU2LDAsMCwxLTk1LjYsMzkuNmwtLjMzLS4zNUw5Mi4xMiw5OS41NWE0MCw0MCwwLDEsMCwwLDU2LjlsOC41Mi05LjYyYTgsOCwwLDEsMSwxMiwxMC42MWwtOC42OSw5LjgxLS4zMy4zNWE1Niw1NiwwLDEsMSwwLTc5LjJsLjMzLjM1LDU5Ljk1LDY3LjdhNDAsNDAsMCwxLDAsMC01Ni45bC04LjUyLDkuNjJhOCw4LDAsMSwxLTEyLTEwLjYxbDguNjktOS44MS4zMy0uMzVBNTYsNTYsMCwwLDEsMjQ4LDEyOFoiPjwvcGF0aD48L3N2Zz4=\" alt=\"\" style=\"object-fit:cover\"\/><\/figure>\n\n\n\n<h3 class=\"wp-block-heading\">Sicherheits- und Zuverl\u00e4ssigkeitssiegel<\/h3>\n\n\n\n<p>Es unterstreicht unsere Verpflichtung zu sicherem und zuverl\u00e4ssigem Eventmanagement.<\/p>\n<\/div>\n<\/div>\n<\/div>\n<\/div>\n<\/div>\n\n\n\n<div class=\"wp-block-column is-vertically-aligned-stretch is-layout-flow wp-container-core-column-is-layout-119bc444 wp-block-column-is-layout-flow\">\n<div class=\"wp-block-cover is-style-ext-preset--image--natural-1--image-1--content-bottom is-style-ext-preset--image--natural-1--image-1--content-bottom--13\" style=\"padding-top:0;padding-bottom:0;min-height:100%;aspect-ratio:unset;\"><img loading=\"lazy\" decoding=\"async\" width=\"960\" height=\"1440\" class=\"wp-block-cover__image-background wp-image-53\" alt=\"\" src=\"https:\/\/djpete.eu\/wp-content\/uploads\/2026\/01\/7e6dc2f9ad7e1589aced73609dc368df869a4449.jpg\" data-object-fit=\"cover\" srcset=\"https:\/\/djpete.eu\/wp-content\/uploads\/2026\/01\/7e6dc2f9ad7e1589aced73609dc368df869a4449.jpg 960w, https:\/\/djpete.eu\/wp-content\/uploads\/2026\/01\/7e6dc2f9ad7e1589aced73609dc368df869a4449-200x300.jpg 200w, https:\/\/djpete.eu\/wp-content\/uploads\/2026\/01\/7e6dc2f9ad7e1589aced73609dc368df869a4449-683x1024.jpg 683w, https:\/\/djpete.eu\/wp-content\/uploads\/2026\/01\/7e6dc2f9ad7e1589aced73609dc368df869a4449-768x1152.jpg 768w, https:\/\/djpete.eu\/wp-content\/uploads\/2026\/01\/7e6dc2f9ad7e1589aced73609dc368df869a4449-8x12.jpg 8w\" sizes=\"auto, (max-width: 960px) 100vw, 960px\" \/><span aria-hidden=\"true\" class=\"wp-block-cover__background has-background-dim-0 has-background-dim\"><\/span><div class=\"wp-block-cover__inner-container is-layout-flow wp-block-cover-is-layout-flow\">\n<div style=\"height:240px\" aria-hidden=\"true\" class=\"wp-block-spacer\"><\/div>\n<\/div><\/div>\n<\/div>\n<\/div>\n<\/div>","protected":false},"excerpt":{"rendered":"<p>DJ Pete Entertainment hat unsere Feier mit einem mitrei\u00dfenden Soundtrack und perfektem Timing zu einem unvergesslichen Erlebnis gemacht. Miriam Hoffmann Eventmanagerin international Wie DJ Pete Entertainment jede Feier unvergesslich gestaltet. Diese Geschichte zeigt, wie DJ Pete Entertainment selbst internationale Events mit der perfekten Musikauswahl bereichert und f\u00fcr beste Stimmung sorgt. Mit DJ Pete Entertainment dauerhaft [&hellip;]<\/p>\n","protected":false},"author":1,"featured_media":0,"parent":0,"menu_order":0,"comment_status":"closed","ping_status":"closed","template":"page-with-title","meta":{"footnotes":""},"class_list":["post-40","page","type-page","status-publish","hentry"],"_links":{"self":[{"href":"https:\/\/djpete.eu\/en\/wp-json\/wp\/v2\/pages\/40","targetHints":{"allow":["GET"]}}],"collection":[{"href":"https:\/\/djpete.eu\/en\/wp-json\/wp\/v2\/pages"}],"about":[{"href":"https:\/\/djpete.eu\/en\/wp-json\/wp\/v2\/types\/page"}],"author":[{"embeddable":true,"href":"https:\/\/djpete.eu\/en\/wp-json\/wp\/v2\/users\/1"}],"replies":[{"embeddable":true,"href":"https:\/\/djpete.eu\/en\/wp-json\/wp\/v2\/comments?post=40"}],"version-history":[{"count":10,"href":"https:\/\/djpete.eu\/en\/wp-json\/wp\/v2\/pages\/40\/revisions"}],"predecessor-version":[{"id":241,"href":"https:\/\/djpete.eu\/en\/wp-json\/wp\/v2\/pages\/40\/revisions\/241"}],"wp:attachment":[{"href":"https:\/\/djpete.eu\/en\/wp-json\/wp\/v2\/media?parent=40"}],"curies":[{"name":"wp","href":"https:\/\/api.w.org\/{rel}","templated":true}]}}