{"id":38,"date":"2026-01-30T15:03:13","date_gmt":"2026-01-30T15:03:13","guid":{"rendered":"https:\/\/djpete.eu\/dienstleistungen\/"},"modified":"2026-02-03T10:25:34","modified_gmt":"2026-02-03T10:25:34","slug":"dienstleistungen","status":"publish","type":"page","link":"https:\/\/djpete.eu\/en\/dienstleistungen\/","title":{"rendered":"Dienstleistungen"},"content":{"rendered":"<div class=\"wp-block-group alignfull is-style-ext-preset--group--natural-1--section has-background-background-color has-background has-global-padding is-layout-constrained wp-container-core-group-is-layout-e955bbaf wp-block-group-is-layout-constrained\" id=\"dienstleistungen\" style=\"margin-top:0;margin-bottom:0;padding-top:var(--wp--preset--spacing--70);padding-bottom:var(--wp--preset--spacing--70)\">\n<div class=\"wp-block-group alignwide is-vertical is-content-justification-center is-layout-flex wp-container-core-group-is-layout-c9ee0c5a wp-block-group-is-layout-flex\">\n<div class=\"wp-block-group has-global-padding is-layout-constrained wp-container-core-group-is-layout-2287c683 wp-block-group-is-layout-constrained\">\n<h2 class=\"wp-block-heading has-text-align-center\">Professionelle Sounds f\u00fcr Ihre Veranstaltungen<\/h2>\n\n\n\n<p class=\"has-text-align-center\">Entdecken Sie unser vielseitiges DJ-Angebot, das auf Qualit\u00e4t und Begeisterung setzt.<\/p>\n<\/div>\n<\/div>\n\n\n\n<div class=\"wp-block-columns alignwide is-layout-flex wp-container-core-columns-is-layout-08c01c1c wp-block-columns-is-layout-flex\">\n<div class=\"wp-block-column is-layout-flow wp-block-column-is-layout-flow\">\n<div class=\"wp-block-group is-style-ext-preset--group--natural-1--item-card-1--align-center has-global-padding is-layout-constrained wp-block-group-is-layout-constrained is-style-ext-preset--group--natural-1--item-card-1--align-center--2\">\n<figure class=\"wp-block-image\"><img loading=\"lazy\" decoding=\"async\" width=\"960\" height=\"1440\" src=\"https:\/\/djpete.eu\/wp-content\/uploads\/2026\/01\/922f46445ef81b92cd632d53859448524172929d.jpg\" alt=\"\" class=\"wp-image-64\" style=\"aspect-ratio:4\/3;object-fit:cover\" srcset=\"https:\/\/djpete.eu\/wp-content\/uploads\/2026\/01\/922f46445ef81b92cd632d53859448524172929d.jpg 960w, https:\/\/djpete.eu\/wp-content\/uploads\/2026\/01\/922f46445ef81b92cd632d53859448524172929d-200x300.jpg 200w, https:\/\/djpete.eu\/wp-content\/uploads\/2026\/01\/922f46445ef81b92cd632d53859448524172929d-683x1024.jpg 683w, https:\/\/djpete.eu\/wp-content\/uploads\/2026\/01\/922f46445ef81b92cd632d53859448524172929d-768x1152.jpg 768w, https:\/\/djpete.eu\/wp-content\/uploads\/2026\/01\/922f46445ef81b92cd632d53859448524172929d-8x12.jpg 8w\" sizes=\"auto, (max-width: 960px) 100vw, 960px\" \/><\/figure>\n\n\n\n<div class=\"wp-block-group is-style-default has-global-padding is-layout-constrained wp-block-group-is-layout-constrained\">\n<h3 class=\"wp-block-heading has-text-align-center\">Hochzeits-DJ-Service<\/h3>\n\n\n\n<p class=\"has-text-align-center\">Perfekt abgestimmte Musik, die Ihre Traumhochzeit unvergesslich macht.<\/p>\n<\/div>\n<\/div>\n<\/div>\n\n\n\n<div class=\"wp-block-column is-layout-flow wp-block-column-is-layout-flow\">\n<div class=\"wp-block-group is-style-ext-preset--group--natural-1--item-card-1--align-center has-global-padding is-layout-constrained wp-block-group-is-layout-constrained is-style-ext-preset--group--natural-1--item-card-1--align-center--3\">\n<figure class=\"wp-block-image size-large\"><img loading=\"lazy\" decoding=\"async\" width=\"768\" height=\"1024\" src=\"https:\/\/djpete.eu\/wp-content\/uploads\/2026\/01\/IMG-20251127-WA0007-768x1024.jpg\" alt=\"\" class=\"wp-image-108\" style=\"aspect-ratio:4\/3;object-fit:cover\" srcset=\"https:\/\/djpete.eu\/wp-content\/uploads\/2026\/01\/IMG-20251127-WA0007-768x1024.jpg 768w, https:\/\/djpete.eu\/wp-content\/uploads\/2026\/01\/IMG-20251127-WA0007-225x300.jpg 225w, https:\/\/djpete.eu\/wp-content\/uploads\/2026\/01\/IMG-20251127-WA0007-1152x1536.jpg 1152w, https:\/\/djpete.eu\/wp-content\/uploads\/2026\/01\/IMG-20251127-WA0007-1536x2048.jpg 1536w, https:\/\/djpete.eu\/wp-content\/uploads\/2026\/01\/IMG-20251127-WA0007-9x12.jpg 9w, https:\/\/djpete.eu\/wp-content\/uploads\/2026\/01\/IMG-20251127-WA0007-scaled.jpg 1920w\" sizes=\"auto, (max-width: 768px) 100vw, 768px\" \/><\/figure>\n\n\n\n<div class=\"wp-block-group is-style-default has-global-padding is-layout-constrained wp-block-group-is-layout-constrained\">\n<h3 class=\"wp-block-heading has-text-align-center\">Event- und Club-DJ<\/h3>\n\n\n\n<p class=\"has-text-align-center\">Dynamische Sets, die jede Party zum Leben erwecken und das Publikum mitrei\u00dfen.<\/p>\n<\/div>\n<\/div>\n<\/div>\n\n\n\n<div class=\"wp-block-column is-layout-flow wp-block-column-is-layout-flow\">\n<div class=\"wp-block-group is-style-ext-preset--group--natural-1--item-card-1--align-center has-global-padding is-layout-constrained wp-block-group-is-layout-constrained is-style-ext-preset--group--natural-1--item-card-1--align-center--4\">\n<figure class=\"wp-block-image\"><img loading=\"lazy\" decoding=\"async\" width=\"960\" height=\"1440\" src=\"https:\/\/djpete.eu\/wp-content\/uploads\/2026\/01\/7e6dc2f9ad7e1589aced73609dc368df869a4449.jpg\" alt=\"\" class=\"wp-image-53\" style=\"aspect-ratio:4\/3;object-fit:cover\" srcset=\"https:\/\/djpete.eu\/wp-content\/uploads\/2026\/01\/7e6dc2f9ad7e1589aced73609dc368df869a4449.jpg 960w, https:\/\/djpete.eu\/wp-content\/uploads\/2026\/01\/7e6dc2f9ad7e1589aced73609dc368df869a4449-200x300.jpg 200w, https:\/\/djpete.eu\/wp-content\/uploads\/2026\/01\/7e6dc2f9ad7e1589aced73609dc368df869a4449-683x1024.jpg 683w, https:\/\/djpete.eu\/wp-content\/uploads\/2026\/01\/7e6dc2f9ad7e1589aced73609dc368df869a4449-768x1152.jpg 768w, https:\/\/djpete.eu\/wp-content\/uploads\/2026\/01\/7e6dc2f9ad7e1589aced73609dc368df869a4449-8x12.jpg 8w\" sizes=\"auto, (max-width: 960px) 100vw, 960px\" \/><\/figure>\n\n\n\n<div class=\"wp-block-group is-style-default has-global-padding is-layout-constrained wp-block-group-is-layout-constrained\">\n<h3 class=\"wp-block-heading has-text-align-center\">Internationale DJ-Buchung<\/h3>\n\n\n\n<p class=\"has-text-align-center\">Professionelle Betreuung f\u00fcr Events weltweit mit individueller Musikauswahl.<\/p>\n<\/div>\n<\/div>\n<\/div>\n<\/div>\n<\/div>\n\n\n\n<div class=\"wp-block-group alignfull is-style-ext-preset--group--natural-1--section has-tertiary-background-color has-background has-global-padding is-layout-constrained wp-block-group-is-layout-constrained\" style=\"margin-top:0;margin-bottom:0;padding-top:var(--wp--preset--spacing--70);padding-bottom:var(--wp--preset--spacing--70)\">\n<div class=\"wp-block-columns alignwide are-vertically-aligned-center is-layout-flex wp-container-core-columns-is-layout-174606dc wp-block-columns-is-layout-flex\">\n<div class=\"wp-block-column is-vertically-aligned-center is-layout-flow wp-block-column-is-layout-flow\">\n<div class=\"wp-block-group alignwide is-vertical is-layout-flex wp-container-core-group-is-layout-c35747d5 wp-block-group-is-layout-flex\">\n<div class=\"wp-block-group has-global-padding is-layout-constrained wp-container-core-group-is-layout-dd32767c wp-block-group-is-layout-constrained\">\n<h2 class=\"wp-block-heading\">Professionelle DJ-Dienstleistungen f\u00fcr jeden Anlass<\/h2>\n\n\n\n<p>Erleben Sie mit DJ Pete Entertainment unvergessliche Momente \u2013 buchen Sie jetzt Ihren pers\u00f6nlichen DJ f\u00fcr Hochzeiten, Firmenfeiern oder Geburtstage und genie\u00dfen Sie erstklassigen Musikgenuss.<\/p>\n<\/div>\n\n\n\n<div class=\"wp-block-buttons is-layout-flex wp-block-buttons-is-layout-flex\">\n<div class=\"wp-block-button is-style-ext-preset--button--natural-1--button-1 is-style-ext-preset--button--natural-1--button-1--6\"><a class=\"wp-block-button__link wp-element-button\" href=\"https:\/\/djpete.eu\/en\/kontakt\/\">Jetzt entdecken<\/a><\/div>\n<\/div>\n<\/div>\n<\/div>\n\n\n\n<div class=\"wp-block-column is-vertically-aligned-center is-layout-flow wp-block-column-is-layout-flow\">\n<figure class=\"wp-block-image size-large is-style-ext-preset--image--natural-1--image-1--content-right is-style-ext-preset--image--natural-1--image-1--content-right--7\"><img loading=\"lazy\" decoding=\"async\" width=\"1024\" height=\"1011\" src=\"https:\/\/djpete.eu\/wp-content\/uploads\/2026\/02\/1000192735-1024x1011.jpg\" alt=\"\" class=\"wp-image-126\" style=\"aspect-ratio:4\/3;object-fit:cover\" srcset=\"https:\/\/djpete.eu\/wp-content\/uploads\/2026\/02\/1000192735-1024x1011.jpg 1024w, https:\/\/djpete.eu\/wp-content\/uploads\/2026\/02\/1000192735-300x296.jpg 300w, https:\/\/djpete.eu\/wp-content\/uploads\/2026\/02\/1000192735-768x758.jpg 768w, https:\/\/djpete.eu\/wp-content\/uploads\/2026\/02\/1000192735-12x12.jpg 12w, https:\/\/djpete.eu\/wp-content\/uploads\/2026\/02\/1000192735.jpg 1079w\" sizes=\"auto, (max-width: 1024px) 100vw, 1024px\" \/><\/figure>\n<\/div>\n<\/div>\n<\/div>\n\n\n\n<div class=\"wp-block-group alignfull is-style-ext-preset--group--natural-1--section has-background-background-color has-background has-global-padding is-layout-constrained wp-container-core-group-is-layout-ab56ae29 wp-block-group-is-layout-constrained\" id=\"jetzt-buchen\" style=\"margin-top:0;margin-bottom:0;padding-top:var(--wp--preset--spacing--70);padding-bottom:var(--wp--preset--spacing--70)\">\n<div class=\"wp-block-group alignwide is-vertical is-content-justification-center is-layout-flex wp-container-core-group-is-layout-c9ee0c5a wp-block-group-is-layout-flex\">\n<div class=\"wp-block-group has-global-padding is-layout-constrained wp-container-core-group-is-layout-dd32767c wp-block-group-is-layout-constrained\">\n<h2 class=\"wp-block-heading has-text-align-center\">Erleben Sie unvergessliche Momente mit DJ Pete<\/h2>\n\n\n\n<p class=\"has-text-align-center\">Buchen Sie Ihre Wunsch-DJ-Session unkompliziert und schnell \u2013 wir sorgen f\u00fcr einen reibungslosen Ablauf und alle n\u00f6tigen Infos.<\/p>\n<\/div>\n<\/div>\n\n\n\n<div class=\"wp-block-group alignwide has-global-padding is-layout-constrained wp-block-group-is-layout-constrained\"><\/div>\n<\/div>","protected":false},"excerpt":{"rendered":"<p>Professionelle Sounds f\u00fcr Ihre Veranstaltungen Entdecken Sie unser vielseitiges DJ-Angebot, das auf Qualit\u00e4t und Begeisterung setzt. Hochzeits-DJ-Service Perfekt abgestimmte Musik, die Ihre Traumhochzeit unvergesslich macht. Event- und Club-DJ Dynamische Sets, die jede Party zum Leben erwecken und das Publikum mitrei\u00dfen. Internationale DJ-Buchung Professionelle Betreuung f\u00fcr Events weltweit mit individueller Musikauswahl. Professionelle DJ-Dienstleistungen f\u00fcr jeden Anlass [&hellip;]<\/p>\n","protected":false},"author":1,"featured_media":0,"parent":0,"menu_order":0,"comment_status":"closed","ping_status":"closed","template":"page-with-title","meta":{"footnotes":""},"class_list":["post-38","page","type-page","status-publish","hentry"],"_links":{"self":[{"href":"https:\/\/djpete.eu\/en\/wp-json\/wp\/v2\/pages\/38","targetHints":{"allow":["GET"]}}],"collection":[{"href":"https:\/\/djpete.eu\/en\/wp-json\/wp\/v2\/pages"}],"about":[{"href":"https:\/\/djpete.eu\/en\/wp-json\/wp\/v2\/types\/page"}],"author":[{"embeddable":true,"href":"https:\/\/djpete.eu\/en\/wp-json\/wp\/v2\/users\/1"}],"replies":[{"embeddable":true,"href":"https:\/\/djpete.eu\/en\/wp-json\/wp\/v2\/comments?post=38"}],"version-history":[{"count":7,"href":"https:\/\/djpete.eu\/en\/wp-json\/wp\/v2\/pages\/38\/revisions"}],"predecessor-version":[{"id":130,"href":"https:\/\/djpete.eu\/en\/wp-json\/wp\/v2\/pages\/38\/revisions\/130"}],"wp:attachment":[{"href":"https:\/\/djpete.eu\/en\/wp-json\/wp\/v2\/media?parent=38"}],"curies":[{"name":"wp","href":"https:\/\/api.w.org\/{rel}","templated":true}]}}