{"id":37,"date":"2026-01-30T15:03:13","date_gmt":"2026-01-30T15:03:13","guid":{"rendered":"https:\/\/djpete.eu\/faq\/"},"modified":"2026-02-03T13:52:01","modified_gmt":"2026-02-03T13:52:01","slug":"faq","status":"publish","type":"page","link":"https:\/\/djpete.eu\/en\/faq\/","title":{"rendered":"FAQ"},"content":{"rendered":"<div class=\"wp-block-group alignfull is-style-ext-preset--group--natural-1--section has-background-background-color has-background has-global-padding is-layout-constrained wp-container-core-group-is-layout-e955bbaf wp-block-group-is-layout-constrained\" id=\"h\u00e4ufig-gestellte-fragen\" style=\"margin-top:0;margin-bottom:0;padding-top:var(--wp--preset--spacing--70);padding-bottom:var(--wp--preset--spacing--70)\">\n<div class=\"wp-block-group alignwide is-vertical is-content-justification-center is-layout-flex wp-container-core-group-is-layout-c9ee0c5a wp-block-group-is-layout-flex\">\n<div class=\"wp-block-group has-global-padding is-layout-constrained wp-container-core-group-is-layout-2287c683 wp-block-group-is-layout-constrained\">\n<h2 class=\"wp-block-heading has-text-align-center\">DJ Pete Entertainment: Professionelle DJs f\u00fcr jeden Anlass<\/h2>\n\n\n\n<p class=\"has-text-align-center\">Hier finden Sie Antworten auf h\u00e4ufige Fragen zu unseren DJ-Dienstleistungen, damit Sie schnell die passenden Informationen erhalten.<\/p>\n<\/div>\n<\/div>\n\n\n\n<div class=\"wp-block-group alignwide has-global-padding is-content-justification-center is-layout-constrained wp-container-core-group-is-layout-8f997a6a wp-block-group-is-layout-constrained\">\n<div class=\"wp-block-group is-style-ext-preset--group--natural-1--item-card-1--align-start is-layout-flow wp-block-group-is-layout-flow is-style-ext-preset--group--natural-1--item-card-1--align-start--2\">\n<div class=\"wp-block-group is-style-default is-layout-flow wp-block-group-is-layout-flow\">\n<h3 class=\"wp-block-heading\">F\u00fcr welche Veranstaltungen kann ich DJ Pete Entertainment buchen?<\/h3>\n\n\n\n<p>Wir sind f\u00fcr Hochzeiten, Firmenevents, Geburtstage und viele weitere Anl\u00e4sse sowohl national als auch international verf\u00fcgbar.<\/p>\n<\/div>\n<\/div>\n\n\n\n<div class=\"wp-block-group is-style-ext-preset--group--natural-1--item-card-1--align-start is-layout-flow wp-block-group-is-layout-flow is-style-ext-preset--group--natural-1--item-card-1--align-start--3\">\n<div class=\"wp-block-group is-style-default is-layout-flow wp-block-group-is-layout-flow\">\n<h3 class=\"wp-block-heading\">Welche Musikgenres bietet DJ Pete Entertainment an?<\/h3>\n\n\n\n<p>Unser Repertoire umfasst von klassischem Pop \u00fcber aktuelle Charts bis hin zu elektronischer Tanzmusik alles, was Ihre Feier unvergesslich macht.<\/p>\n<\/div>\n<\/div>\n\n\n\n<div class=\"wp-block-group is-style-ext-preset--group--natural-1--item-card-1--align-start is-layout-flow wp-block-group-is-layout-flow is-style-ext-preset--group--natural-1--item-card-1--align-start--4\">\n<div class=\"wp-block-group is-style-default is-layout-flow wp-block-group-is-layout-flow\">\n<h3 class=\"wp-block-heading\">Ben\u00f6tige ich eigene Technik f\u00fcr den Auftritt?<\/h3>\n\n\n\n<p>DJ Pete bringt auf Wunsch die komplette professionelle Ausr\u00fcstung mit, um Ihre Veranstaltung optimal zu beschallen.<\/p>\n<\/div>\n<\/div>\n\n\n\n<div class=\"wp-block-group is-style-ext-preset--group--natural-1--item-card-1--align-start is-layout-flow wp-block-group-is-layout-flow is-style-ext-preset--group--natural-1--item-card-1--align-start--5\">\n<div class=\"wp-block-group is-style-default is-layout-flow wp-block-group-is-layout-flow\">\n<h3 class=\"wp-block-heading\">Wie kann ich DJ Pete Entertainment buchen?<\/h3>\n\n\n\n<p>Kontaktieren Sie uns einfach \u00fcber das Kontaktformular oder telefonisch, um Verf\u00fcgbarkeit und Details zu besprechen.<\/p>\n<\/div>\n<\/div>\n<\/div>\n<\/div>\n\n\n\n<div class=\"wp-block-group alignfull is-style-ext-preset--group--natural-1--section has-tertiary-background-color has-background has-global-padding is-layout-constrained wp-container-core-group-is-layout-e955bbaf wp-block-group-is-layout-constrained\" id=\"dienstleistungen\" style=\"margin-top:0;margin-bottom:0;padding-top:var(--wp--preset--spacing--70);padding-bottom:var(--wp--preset--spacing--70)\">\n<div class=\"wp-block-group alignwide is-vertical is-layout-flex wp-container-core-group-is-layout-c35747d5 wp-block-group-is-layout-flex\">\n<div class=\"wp-block-group has-global-padding is-layout-constrained wp-container-core-group-is-layout-5e05634a wp-block-group-is-layout-constrained\">\n<h2 class=\"wp-block-heading\">Events, die mit DJ Pete begeistern<\/h2>\n\n\n\n<p class=\"has-text-align-left\">Entdecken Sie unsere vielf\u00e4ltigen DJ-Dienstleistungen, bei denen Qualit\u00e4t und Ihre Zufriedenheit an erster Stelle stehen.<\/p>\n<\/div>\n<\/div>\n\n\n\n<div class=\"wp-block-columns alignwide is-layout-flex wp-container-core-columns-is-layout-08c01c1c wp-block-columns-is-layout-flex\">\n<div class=\"wp-block-column is-vertically-aligned-stretch is-layout-flow wp-container-core-column-is-layout-119bc444 wp-block-column-is-layout-flow\">\n<div class=\"wp-block-media-text is-stacked-on-mobile is-image-fill-element is-style-ext-preset--media-text--natural-1--card-1 has-background-background-color has-background is-style-ext-preset--media-text--natural-1--card-1--7\"><figure class=\"wp-block-media-text__media\"><img loading=\"lazy\" decoding=\"async\" width=\"1024\" height=\"1011\" src=\"https:\/\/djpete.eu\/wp-content\/uploads\/2026\/02\/1000192735-1-1024x1011.jpg\" alt=\"\" class=\"wp-image-170 size-full\" style=\"object-position:50% 50%\" srcset=\"https:\/\/djpete.eu\/wp-content\/uploads\/2026\/02\/1000192735-1-1024x1011.jpg 1024w, https:\/\/djpete.eu\/wp-content\/uploads\/2026\/02\/1000192735-1-300x296.jpg 300w, https:\/\/djpete.eu\/wp-content\/uploads\/2026\/02\/1000192735-1-768x758.jpg 768w, https:\/\/djpete.eu\/wp-content\/uploads\/2026\/02\/1000192735-1-12x12.jpg 12w, https:\/\/djpete.eu\/wp-content\/uploads\/2026\/02\/1000192735-1.jpg 1079w\" sizes=\"auto, (max-width: 1024px) 100vw, 1024px\" \/><\/figure><div class=\"wp-block-media-text__content\">\n<div class=\"wp-block-group is-style-default has-global-padding is-layout-constrained wp-container-core-group-is-layout-9a7b35d3 wp-block-group-is-layout-constrained\" style=\"padding-top:var(--wp--preset--spacing--40);padding-right:var(--wp--preset--spacing--30);padding-bottom:var(--wp--preset--spacing--40);padding-left:var(--wp--preset--spacing--30)\">\n<h3 class=\"wp-block-heading\" style=\"font-size:clamp(15.747px, 0.984rem + ((1vw - 3.2px) * 0.86), 24px);\">Hochzeits-DJ-Service<\/h3>\n\n\n\n<p class=\"has-small-font-size\"><\/p>\n<\/div>\n<\/div><\/div>\n<\/div>\n\n\n\n<div class=\"wp-block-column is-vertically-aligned-stretch is-layout-flow wp-container-core-column-is-layout-119bc444 wp-block-column-is-layout-flow\">\n<div class=\"wp-block-media-text is-stacked-on-mobile is-image-fill-element is-style-ext-preset--media-text--natural-1--card-1 has-background-background-color has-background is-style-ext-preset--media-text--natural-1--card-1--8\"><figure class=\"wp-block-media-text__media\"><img loading=\"lazy\" decoding=\"async\" width=\"960\" height=\"1440\" src=\"https:\/\/djpete.eu\/wp-content\/uploads\/2026\/01\/7e6dc2f9ad7e1589aced73609dc368df869a4449.jpg\" alt=\"\" class=\"wp-image-53 size-full\" style=\"object-position:50% 50%\" srcset=\"https:\/\/djpete.eu\/wp-content\/uploads\/2026\/01\/7e6dc2f9ad7e1589aced73609dc368df869a4449.jpg 960w, https:\/\/djpete.eu\/wp-content\/uploads\/2026\/01\/7e6dc2f9ad7e1589aced73609dc368df869a4449-200x300.jpg 200w, https:\/\/djpete.eu\/wp-content\/uploads\/2026\/01\/7e6dc2f9ad7e1589aced73609dc368df869a4449-683x1024.jpg 683w, https:\/\/djpete.eu\/wp-content\/uploads\/2026\/01\/7e6dc2f9ad7e1589aced73609dc368df869a4449-768x1152.jpg 768w, https:\/\/djpete.eu\/wp-content\/uploads\/2026\/01\/7e6dc2f9ad7e1589aced73609dc368df869a4449-8x12.jpg 8w\" sizes=\"auto, (max-width: 960px) 100vw, 960px\" \/><\/figure><div class=\"wp-block-media-text__content\">\n<div class=\"wp-block-group is-style-default has-global-padding is-layout-constrained wp-container-core-group-is-layout-9a7b35d3 wp-block-group-is-layout-constrained\" style=\"padding-top:var(--wp--preset--spacing--40);padding-right:var(--wp--preset--spacing--30);padding-bottom:var(--wp--preset--spacing--40);padding-left:var(--wp--preset--spacing--30)\">\n<h3 class=\"wp-block-heading\" style=\"font-size:clamp(15.747px, 0.984rem + ((1vw - 3.2px) * 0.86), 24px);\">Firmenfeier-DJ<\/h3>\n\n\n\n<p class=\"has-small-font-size\">Professionelle Musikgestaltung f\u00fcr Firmenevents, die Atmosph\u00e4re und Stimmung ideal vereint.<\/p>\n<\/div>\n<\/div><\/div>\n<\/div>\n<\/div>\n\n\n\n<div class=\"wp-block-columns alignwide is-layout-flex wp-container-core-columns-is-layout-967d05ff wp-block-columns-is-layout-flex\" style=\"margin-top:var(--wp--preset--spacing--40)\">\n<div class=\"wp-block-column is-vertically-aligned-stretch is-layout-flow wp-container-core-column-is-layout-119bc444 wp-block-column-is-layout-flow\">\n<div class=\"wp-block-media-text is-stacked-on-mobile is-image-fill-element is-style-ext-preset--media-text--natural-1--card-1 has-background-background-color has-background is-style-ext-preset--media-text--natural-1--card-1--9\" style=\"grid-template-columns:43% auto\"><figure class=\"wp-block-media-text__media\"><img loading=\"lazy\" decoding=\"async\" width=\"768\" height=\"1024\" src=\"https:\/\/djpete.eu\/wp-content\/uploads\/2026\/02\/IMG_20230626_195323-768x1024.jpg\" alt=\"\" class=\"wp-image-201 size-full\" style=\"object-position:50% 50%\" srcset=\"https:\/\/djpete.eu\/wp-content\/uploads\/2026\/02\/IMG_20230626_195323-768x1024.jpg 768w, https:\/\/djpete.eu\/wp-content\/uploads\/2026\/02\/IMG_20230626_195323-225x300.jpg 225w, https:\/\/djpete.eu\/wp-content\/uploads\/2026\/02\/IMG_20230626_195323-1152x1536.jpg 1152w, https:\/\/djpete.eu\/wp-content\/uploads\/2026\/02\/IMG_20230626_195323-1536x2048.jpg 1536w, https:\/\/djpete.eu\/wp-content\/uploads\/2026\/02\/IMG_20230626_195323-9x12.jpg 9w, https:\/\/djpete.eu\/wp-content\/uploads\/2026\/02\/IMG_20230626_195323-scaled.jpg 1920w\" sizes=\"auto, (max-width: 768px) 100vw, 768px\" \/><\/figure><div class=\"wp-block-media-text__content\">\n<div class=\"wp-block-group is-style-default has-global-padding is-layout-constrained wp-container-core-group-is-layout-9a7b35d3 wp-block-group-is-layout-constrained\" style=\"padding-top:var(--wp--preset--spacing--40);padding-right:var(--wp--preset--spacing--30);padding-bottom:var(--wp--preset--spacing--40);padding-left:var(--wp--preset--spacing--30)\">\n<h3 class=\"wp-block-heading\" style=\"font-size:clamp(15.747px, 0.984rem + ((1vw - 3.2px) * 0.86), 24px);\">Geburtstagsfeier-DJ<\/h3>\n\n\n\n<p class=\"has-small-font-size\">Individuell abgestimmte Musikauswahl, die Ihre Geburtstagsfeier zum Highlight macht.<\/p>\n<\/div>\n<\/div><\/div>\n<\/div>\n\n\n\n<div class=\"wp-block-column is-vertically-aligned-stretch is-layout-flow wp-container-core-column-is-layout-119bc444 wp-block-column-is-layout-flow\">\n<div class=\"wp-block-media-text is-stacked-on-mobile is-image-fill-element is-style-ext-preset--media-text--natural-1--card-1 has-background-background-color has-background is-style-ext-preset--media-text--natural-1--card-1--10\"><figure class=\"wp-block-media-text__media\"><img loading=\"lazy\" decoding=\"async\" width=\"768\" height=\"1024\" src=\"https:\/\/djpete.eu\/wp-content\/uploads\/2026\/01\/IMG-20251127-WA0007-768x1024.jpg\" alt=\"\" class=\"wp-image-108 size-full\" style=\"object-position:50% 50%\" srcset=\"https:\/\/djpete.eu\/wp-content\/uploads\/2026\/01\/IMG-20251127-WA0007-768x1024.jpg 768w, https:\/\/djpete.eu\/wp-content\/uploads\/2026\/01\/IMG-20251127-WA0007-225x300.jpg 225w, https:\/\/djpete.eu\/wp-content\/uploads\/2026\/01\/IMG-20251127-WA0007-1152x1536.jpg 1152w, https:\/\/djpete.eu\/wp-content\/uploads\/2026\/01\/IMG-20251127-WA0007-1536x2048.jpg 1536w, https:\/\/djpete.eu\/wp-content\/uploads\/2026\/01\/IMG-20251127-WA0007-9x12.jpg 9w, https:\/\/djpete.eu\/wp-content\/uploads\/2026\/01\/IMG-20251127-WA0007-scaled.jpg 1920w\" sizes=\"auto, (max-width: 768px) 100vw, 768px\" \/><\/figure><div class=\"wp-block-media-text__content\">\n<div class=\"wp-block-group is-style-default has-global-padding is-layout-constrained wp-container-core-group-is-layout-9a7b35d3 wp-block-group-is-layout-constrained\" style=\"padding-top:var(--wp--preset--spacing--40);padding-right:var(--wp--preset--spacing--30);padding-bottom:var(--wp--preset--spacing--40);padding-left:var(--wp--preset--spacing--30)\">\n<h3 class=\"wp-block-heading\" style=\"font-size:clamp(15.747px, 0.984rem + ((1vw - 3.2px) * 0.86), 24px);\">Internationaler DJ-Service<\/h3>\n\n\n\n<p class=\"has-small-font-size\">DJ Pete sorgt weltweit f\u00fcr exzellente Unterhaltung und unvergessliche Partys.<\/p>\n<\/div>\n<\/div><\/div>\n<\/div>\n<\/div>\n<\/div>\n\n\n\n<div class=\"wp-block-group alignfull is-style-ext-preset--group--natural-1--section has-background-background-color has-background has-global-padding is-layout-constrained wp-container-core-group-is-layout-ab56ae29 wp-block-group-is-layout-constrained\" id=\"jetzt-buchen\" style=\"margin-top:0;margin-bottom:0;padding-top:var(--wp--preset--spacing--70);padding-bottom:var(--wp--preset--spacing--70)\">\n<div class=\"wp-block-group alignwide is-vertical is-content-justification-center is-layout-flex wp-container-core-group-is-layout-c9ee0c5a wp-block-group-is-layout-flex\">\n<div class=\"wp-block-group has-global-padding is-layout-constrained wp-container-core-group-is-layout-dd32767c wp-block-group-is-layout-constrained\">\n<h2 class=\"wp-block-heading has-text-align-center\">Professionelle Musik f\u00fcr jede Feier<\/h2>\n\n\n\n<p class=\"has-text-align-center\">Erfahren Sie hier, wie Sie DJ Pete Entertainment unkompliziert f\u00fcr Ihr Event buchen k\u00f6nnen \u2013 alle notwendigen Infos auf einen Blick.<\/p>\n<\/div>\n<\/div>\n\n\n\n<div class=\"wp-block-group alignwide has-global-padding is-layout-constrained wp-block-group-is-layout-constrained\"><div id=\"sbw_z0hg2i_calendar\"><\/div><script type=\"text\/javascript\">function instantiateSimplyBookWidget() {    new SimplybookWidget({        \"widget_type\": \"iframe\",        \"url\": \"https:\/\/rsp3150641681.simplybook.it\",        \"theme\": \"default\",        \"theme_settings\": {\"timeline_show_end_time\":false,\"timeline_hide_unavailable\":true,\"hide_past_days\":false,\"hide_img_mode\":true,\"show_sidebar\":true,\"timeline_modern_display\":\"as_slots\",\"display_item_mode\":\"block\",\"sb_base_color\":\"#F4E0D9\",\"booking_nav_bg_color\":\"#000000\",\"body_bg_color\":\"#f7f7f7\",\"dark_font_color\":\"#494949\",\"light_font_color\":\"var(--wp--custom--elements--button--color--text)\",\"btn_color_1\":\"#000000\",\"sb_company_label_color\":\"#000000\",\"sb_busy\":\"#F4E0D9\",\"sb_available\":\"var(--wp--custom--elements--button--color--background)\",\"sb_review_image\":\"\",\"hide_company_label\":false,\"link_color\":\"var(--wp--custom--elements--button--color--background)\"},        \"timeline\": \"modern\",        \"datepicker\": \"top_calendar\",        \"is_rtl\": \"\",        \"app_config\": {            \"clear_session\": \"1\",            \"allow_switch_to_ada\": \"\",            \"predefined\": [],        },        \"container_id\": \"sbw_z0hg2i_calendar\"    });}document.addEventListener(\"DOMContentLoaded\", instantiateSimplyBookWidget);document.addEventListener(\"loadSimplyBookPreviewWidget\", instantiateSimplyBookWidget);<\/script><\/div>\n<\/div>","protected":false},"excerpt":{"rendered":"<p>DJ Pete Entertainment: Professionelle DJs f\u00fcr jeden Anlass Hier finden Sie Antworten auf h\u00e4ufige Fragen zu unseren DJ-Dienstleistungen, damit Sie schnell die passenden Informationen erhalten. F\u00fcr welche Veranstaltungen kann ich DJ Pete Entertainment buchen? Wir sind f\u00fcr Hochzeiten, Firmenevents, Geburtstage und viele weitere Anl\u00e4sse sowohl national als auch international verf\u00fcgbar. Welche Musikgenres bietet DJ Pete [&hellip;]<\/p>\n","protected":false},"author":1,"featured_media":0,"parent":0,"menu_order":0,"comment_status":"closed","ping_status":"closed","template":"page-with-title","meta":{"footnotes":""},"class_list":["post-37","page","type-page","status-publish","hentry"],"_links":{"self":[{"href":"https:\/\/djpete.eu\/en\/wp-json\/wp\/v2\/pages\/37","targetHints":{"allow":["GET"]}}],"collection":[{"href":"https:\/\/djpete.eu\/en\/wp-json\/wp\/v2\/pages"}],"about":[{"href":"https:\/\/djpete.eu\/en\/wp-json\/wp\/v2\/types\/page"}],"author":[{"embeddable":true,"href":"https:\/\/djpete.eu\/en\/wp-json\/wp\/v2\/users\/1"}],"replies":[{"embeddable":true,"href":"https:\/\/djpete.eu\/en\/wp-json\/wp\/v2\/comments?post=37"}],"version-history":[{"count":9,"href":"https:\/\/djpete.eu\/en\/wp-json\/wp\/v2\/pages\/37\/revisions"}],"predecessor-version":[{"id":208,"href":"https:\/\/djpete.eu\/en\/wp-json\/wp\/v2\/pages\/37\/revisions\/208"}],"wp:attachment":[{"href":"https:\/\/djpete.eu\/en\/wp-json\/wp\/v2\/media?parent=37"}],"curies":[{"name":"wp","href":"https:\/\/api.w.org\/{rel}","templated":true}]}}