{"id":34,"date":"2026-01-30T15:03:11","date_gmt":"2026-01-30T15:03:11","guid":{"rendered":"https:\/\/djpete.eu\/ueber\/"},"modified":"2026-04-17T18:14:37","modified_gmt":"2026-04-17T18:14:37","slug":"ueber","status":"publish","type":"page","link":"https:\/\/djpete.eu\/en\/ueber\/","title":{"rendered":"\u00dcber"},"content":{"rendered":"<div class=\"wp-block-group alignfull is-style-ext-preset--group--natural-1--section has-background-background-color has-background has-global-padding is-layout-constrained wp-block-group-is-layout-constrained\" id=\"ueber-uns\" style=\"margin-top:0;margin-bottom:0;padding-top:var(--wp--preset--spacing--70);padding-bottom:var(--wp--preset--spacing--70)\">\n<div class=\"wp-block-group alignwide is-vertical is-content-justification-center is-layout-flex wp-container-core-group-is-layout-c9ee0c5a wp-block-group-is-layout-flex\">\n<div class=\"wp-block-group has-global-padding is-layout-constrained wp-container-core-group-is-layout-2287c683 wp-block-group-is-layout-constrained\">\n<h2 class=\"wp-block-heading has-text-align-center\">Unvergessliche Feiern mit DJ Pete Entertainment<\/h2>\n\n\n\n<p class=\"has-text-align-center\">This section provides a detailed and comprehensive overview of your company\u2019s mission, values, and history. It highlights the key principles and values that drive the purpose, goals, and long-term success of your brand and business operations.<\/p>\n<\/div>\n<\/div>\n<\/div>\n\n\n\n<div class=\"wp-block-group alignfull is-style-ext-preset--group--natural-1--section has-tertiary-background-color has-background has-global-padding is-layout-constrained wp-container-core-group-is-layout-e955bbaf wp-block-group-is-layout-constrained\" id=\"funktionen\" style=\"margin-top:0;margin-bottom:0;padding-top:var(--wp--preset--spacing--70);padding-bottom:var(--wp--preset--spacing--70)\">\n<div class=\"wp-block-group alignwide is-vertical is-layout-flex wp-container-core-group-is-layout-c35747d5 wp-block-group-is-layout-flex\">\n<div class=\"wp-block-group has-global-padding is-layout-constrained wp-container-core-group-is-layout-5e05634a wp-block-group-is-layout-constrained\">\n<h2 class=\"wp-block-heading\">Unvergessliche Beats f\u00fcr Ihre Feier<\/h2>\n\n\n\n<p class=\"has-text-align-left\">DJ Pete Entertainment liefert professionelle Musik f\u00fcr Hochzeiten, Firmenfeste und Geburtstage \u2013 weltweit erstklassiger Sound und Stimmung.<\/p>\n<\/div>\n<\/div>\n\n\n\n<div class=\"wp-block-columns alignwide is-layout-flex wp-container-core-columns-is-layout-87beb0d0 wp-block-columns-is-layout-flex\">\n<div class=\"wp-block-column is-vertically-aligned-stretch is-layout-flow wp-container-core-column-is-layout-119bc444 wp-block-column-is-layout-flow\">\n<div class=\"wp-block-media-text is-stacked-on-mobile is-image-fill-element is-style-ext-preset--media-text--natural-1--card-1 has-background-background-color has-background is-style-ext-preset--media-text--natural-1--card-1--3\" style=\"grid-template-columns:51% auto\"><figure class=\"wp-block-media-text__media\"><img loading=\"lazy\" decoding=\"async\" width=\"1024\" height=\"1011\" src=\"https:\/\/djpete.eu\/wp-content\/uploads\/2026\/02\/1000192735-1-1024x1011.jpg\" alt=\"\" class=\"wp-image-170 size-full\" style=\"object-position:50% 50%\" srcset=\"https:\/\/djpete.eu\/wp-content\/uploads\/2026\/02\/1000192735-1-1024x1011.jpg 1024w, https:\/\/djpete.eu\/wp-content\/uploads\/2026\/02\/1000192735-1-300x296.jpg 300w, https:\/\/djpete.eu\/wp-content\/uploads\/2026\/02\/1000192735-1-768x758.jpg 768w, https:\/\/djpete.eu\/wp-content\/uploads\/2026\/02\/1000192735-1-12x12.jpg 12w, https:\/\/djpete.eu\/wp-content\/uploads\/2026\/02\/1000192735-1.jpg 1079w\" sizes=\"auto, (max-width: 1024px) 100vw, 1024px\" \/><\/figure><div class=\"wp-block-media-text__content\">\n<div class=\"wp-block-group is-style-default has-global-padding is-layout-constrained wp-container-core-group-is-layout-9a7b35d3 wp-block-group-is-layout-constrained\" style=\"padding-top:var(--wp--preset--spacing--40);padding-right:var(--wp--preset--spacing--30);padding-bottom:var(--wp--preset--spacing--40);padding-left:var(--wp--preset--spacing--30)\">\n<h3 class=\"wp-block-heading\" style=\"font-size:clamp(15.747px, 0.984rem + ((1vw - 3.2px) * 0.86), 24px);\">Hochzeits-DJ-Service<\/h3>\n\n\n\n<p class=\"has-small-font-size\">Perfekte musikalische Begleitung f\u00fcr Ihren gro\u00dfen Tag, abgestimmt auf Ihre W\u00fcnsche.<\/p>\n<\/div>\n<\/div><\/div>\n<\/div>\n\n\n\n<div class=\"wp-block-column is-vertically-aligned-stretch is-layout-flow wp-container-core-column-is-layout-119bc444 wp-block-column-is-layout-flow\">\n<div class=\"wp-block-media-text is-stacked-on-mobile is-image-fill-element is-style-ext-preset--media-text--natural-1--card-1 has-background-background-color has-background is-style-ext-preset--media-text--natural-1--card-1--4\"><figure class=\"wp-block-media-text__media\"><img loading=\"lazy\" decoding=\"async\" width=\"960\" height=\"1440\" src=\"https:\/\/djpete.eu\/wp-content\/uploads\/2026\/01\/7e6dc2f9ad7e1589aced73609dc368df869a4449.jpg\" alt=\"\" class=\"wp-image-53 size-full\" style=\"object-position:50% 50%\" srcset=\"https:\/\/djpete.eu\/wp-content\/uploads\/2026\/01\/7e6dc2f9ad7e1589aced73609dc368df869a4449.jpg 960w, https:\/\/djpete.eu\/wp-content\/uploads\/2026\/01\/7e6dc2f9ad7e1589aced73609dc368df869a4449-200x300.jpg 200w, https:\/\/djpete.eu\/wp-content\/uploads\/2026\/01\/7e6dc2f9ad7e1589aced73609dc368df869a4449-683x1024.jpg 683w, https:\/\/djpete.eu\/wp-content\/uploads\/2026\/01\/7e6dc2f9ad7e1589aced73609dc368df869a4449-768x1152.jpg 768w, https:\/\/djpete.eu\/wp-content\/uploads\/2026\/01\/7e6dc2f9ad7e1589aced73609dc368df869a4449-8x12.jpg 8w\" sizes=\"auto, (max-width: 960px) 100vw, 960px\" \/><\/figure><div class=\"wp-block-media-text__content\">\n<div class=\"wp-block-group is-style-default has-global-padding is-layout-constrained wp-container-core-group-is-layout-9a7b35d3 wp-block-group-is-layout-constrained\" style=\"padding-top:var(--wp--preset--spacing--40);padding-right:var(--wp--preset--spacing--30);padding-bottom:var(--wp--preset--spacing--40);padding-left:var(--wp--preset--spacing--30)\">\n<h3 class=\"wp-block-heading\" style=\"font-size:clamp(15.747px, 0.984rem + ((1vw - 3.2px) * 0.86), 24px);\">Internationale Events<\/h3>\n\n\n\n<p class=\"has-small-font-size\">Bereitstellung von DJ-Dienstleistungen f\u00fcr Veranstaltungen rund um den Globus.<\/p>\n<\/div>\n<\/div><\/div>\n<\/div>\n<\/div>\n\n\n\n<div class=\"wp-block-columns alignwide is-layout-flex wp-container-core-columns-is-layout-e12f0bcd wp-block-columns-is-layout-flex\" style=\"margin-top:var(--wp--preset--spacing--30)\">\n<div class=\"wp-block-column is-layout-flow wp-container-core-column-is-layout-119bc444 wp-block-column-is-layout-flow\">\n<div class=\"wp-block-media-text is-stacked-on-mobile is-image-fill-element is-style-ext-preset--media-text--natural-1--card-1 has-background-background-color has-background is-style-ext-preset--media-text--natural-1--card-1--5\"><figure class=\"wp-block-media-text__media\"><img loading=\"lazy\" decoding=\"async\" width=\"768\" height=\"1024\" src=\"https:\/\/djpete.eu\/wp-content\/uploads\/2026\/02\/IMG_20250508_114136-768x1024.jpg\" alt=\"\" class=\"wp-image-173 size-full\" style=\"object-position:50% 50%\" srcset=\"https:\/\/djpete.eu\/wp-content\/uploads\/2026\/02\/IMG_20250508_114136-768x1024.jpg 768w, https:\/\/djpete.eu\/wp-content\/uploads\/2026\/02\/IMG_20250508_114136-225x300.jpg 225w, https:\/\/djpete.eu\/wp-content\/uploads\/2026\/02\/IMG_20250508_114136-1152x1536.jpg 1152w, https:\/\/djpete.eu\/wp-content\/uploads\/2026\/02\/IMG_20250508_114136-1536x2048.jpg 1536w, https:\/\/djpete.eu\/wp-content\/uploads\/2026\/02\/IMG_20250508_114136-9x12.jpg 9w, https:\/\/djpete.eu\/wp-content\/uploads\/2026\/02\/IMG_20250508_114136-scaled.jpg 1920w\" sizes=\"auto, (max-width: 768px) 100vw, 768px\" \/><\/figure><div class=\"wp-block-media-text__content\">\n<div class=\"wp-block-group is-style-default has-global-padding is-layout-constrained wp-container-core-group-is-layout-9a7b35d3 wp-block-group-is-layout-constrained\" style=\"padding-top:var(--wp--preset--spacing--40);padding-right:var(--wp--preset--spacing--30);padding-bottom:var(--wp--preset--spacing--40);padding-left:var(--wp--preset--spacing--30)\">\n<h3 class=\"wp-block-heading\" style=\"font-size:clamp(15.747px, 0.984rem + ((1vw - 3.2px) * 0.86), 24px);\">Firmenfeiern<\/h3>\n\n\n\n<p class=\"has-small-font-size\">Professionelle Musikgestaltung f\u00fcr Firmenevents, die begeistert und verbindet.<\/p>\n<\/div>\n<\/div><\/div>\n<\/div>\n\n\n\n<div class=\"wp-block-column is-layout-flow wp-container-core-column-is-layout-119bc444 wp-block-column-is-layout-flow\">\n<div class=\"wp-block-media-text is-stacked-on-mobile is-image-fill-element is-style-ext-preset--media-text--natural-1--card-1 has-background-background-color has-background is-style-ext-preset--media-text--natural-1--card-1--6\"><figure class=\"wp-block-media-text__media\"><img loading=\"lazy\" decoding=\"async\" width=\"1024\" height=\"683\" src=\"https:\/\/djpete.eu\/wp-content\/uploads\/2026\/01\/2c14dfc357cdf95e3c276726d8b282ef791bc401-1024x683.jpg\" alt=\"\" class=\"wp-image-75 size-full\" style=\"object-position:50% 50%\" srcset=\"https:\/\/djpete.eu\/wp-content\/uploads\/2026\/01\/2c14dfc357cdf95e3c276726d8b282ef791bc401-1024x683.jpg 1024w, https:\/\/djpete.eu\/wp-content\/uploads\/2026\/01\/2c14dfc357cdf95e3c276726d8b282ef791bc401-300x200.jpg 300w, https:\/\/djpete.eu\/wp-content\/uploads\/2026\/01\/2c14dfc357cdf95e3c276726d8b282ef791bc401-768x512.jpg 768w, https:\/\/djpete.eu\/wp-content\/uploads\/2026\/01\/2c14dfc357cdf95e3c276726d8b282ef791bc401-18x12.jpg 18w, https:\/\/djpete.eu\/wp-content\/uploads\/2026\/01\/2c14dfc357cdf95e3c276726d8b282ef791bc401.jpg 1440w\" sizes=\"auto, (max-width: 1024px) 100vw, 1024px\" \/><\/figure><div class=\"wp-block-media-text__content\">\n<div class=\"wp-block-group is-style-default has-global-padding is-layout-constrained wp-container-core-group-is-layout-9a7b35d3 wp-block-group-is-layout-constrained\" style=\"padding-top:var(--wp--preset--spacing--40);padding-right:var(--wp--preset--spacing--30);padding-bottom:var(--wp--preset--spacing--40);padding-left:var(--wp--preset--spacing--30)\">\n<h3 class=\"wp-block-heading\" style=\"font-size:clamp(15.747px, 0.984rem + ((1vw - 3.2px) * 0.86), 24px);\">Geburtstagsfeiern<\/h3>\n\n\n\n<p class=\"has-small-font-size\">Individuelle Playlist und DJ-Sets f\u00fcr unvergessliche Geburtstagspartys.<\/p>\n<\/div>\n<\/div><\/div>\n<\/div>\n<\/div>\n<\/div>","protected":false},"excerpt":{"rendered":"<p>Unvergessliche Feiern mit DJ Pete Entertainment This section provides a detailed and comprehensive overview of your company\u2019s mission, values, and history. It highlights the key principles and values that drive the purpose, goals, and long-term success of your brand and business operations. Unvergessliche Beats f\u00fcr Ihre Feier DJ Pete Entertainment liefert professionelle Musik f\u00fcr Hochzeiten, [&hellip;]<\/p>\n","protected":false},"author":1,"featured_media":0,"parent":0,"menu_order":0,"comment_status":"closed","ping_status":"closed","template":"page-with-title","meta":{"footnotes":""},"class_list":["post-34","page","type-page","status-publish","hentry"],"_links":{"self":[{"href":"https:\/\/djpete.eu\/en\/wp-json\/wp\/v2\/pages\/34","targetHints":{"allow":["GET"]}}],"collection":[{"href":"https:\/\/djpete.eu\/en\/wp-json\/wp\/v2\/pages"}],"about":[{"href":"https:\/\/djpete.eu\/en\/wp-json\/wp\/v2\/types\/page"}],"author":[{"embeddable":true,"href":"https:\/\/djpete.eu\/en\/wp-json\/wp\/v2\/users\/1"}],"replies":[{"embeddable":true,"href":"https:\/\/djpete.eu\/en\/wp-json\/wp\/v2\/comments?post=34"}],"version-history":[{"count":7,"href":"https:\/\/djpete.eu\/en\/wp-json\/wp\/v2\/pages\/34\/revisions"}],"predecessor-version":[{"id":243,"href":"https:\/\/djpete.eu\/en\/wp-json\/wp\/v2\/pages\/34\/revisions\/243"}],"wp:attachment":[{"href":"https:\/\/djpete.eu\/en\/wp-json\/wp\/v2\/media?parent=34"}],"curies":[{"name":"wp","href":"https:\/\/api.w.org\/{rel}","templated":true}]}}