{"id":131,"date":"2026-02-03T10:43:47","date_gmt":"2026-02-03T10:43:47","guid":{"rendered":"https:\/\/djpete.eu\/?page_id=131"},"modified":"2026-04-17T16:04:24","modified_gmt":"2026-04-17T16:04:24","slug":"agb","status":"publish","type":"page","link":"https:\/\/djpete.eu\/en\/agb\/","title":{"rendered":"AGB"},"content":{"rendered":"<div class=\"wp-block-group alignfull is-style-ext-preset--group--natural-1--section has-background-background-color has-background has-global-padding is-layout-constrained wp-container-core-group-is-layout-843e5a6d wp-block-group-is-layout-constrained\" style=\"margin-top:0;margin-bottom:0;padding-top:var(--wp--preset--spacing--70);padding-bottom:var(--wp--preset--spacing--70)\">\n<div class=\"wp-block-group alignwide is-vertical is-content-justification-center is-layout-flex wp-container-core-group-is-layout-c9ee0c5a wp-block-group-is-layout-flex\">\n<div class=\"wp-block-group has-global-padding is-layout-constrained wp-container-core-group-is-layout-2287c683 wp-block-group-is-layout-constrained\">\n<h2 class=\"wp-block-heading has-text-align-center\">Allgemeine Gesch\u00e4ftsbedingungen von DJ Pete Entertainment<\/h2>\n<\/div>\n<\/div>\n<\/div>\n\n\n\n<div class=\"wp-block-group alignfull is-style-ext-preset--group--natural-1--section has-tertiary-background-color has-background has-global-padding is-layout-constrained wp-container-core-group-is-layout-e955bbaf wp-block-group-is-layout-constrained\" style=\"margin-top:0;margin-bottom:0;padding-top:var(--wp--preset--spacing--70);padding-bottom:var(--wp--preset--spacing--70)\">\n<div class=\"wp-block-group alignwide is-vertical is-layout-flex wp-container-core-group-is-layout-c35747d5 wp-block-group-is-layout-flex\">\n<div class=\"wp-block-group has-global-padding is-layout-constrained wp-container-core-group-is-layout-2287c683 wp-block-group-is-layout-constrained\">\n<p>1. Geltungsbereich und Gerichtsstand<\/p>\n\n\n\n<p>Auftr\u00e4ge werden nur zu den nachstehenden Bedingungen angenommen und auch nur danach ausgef\u00fchrt.<\/p>\n\n\n\n<p>Abweichende Erkl\u00e4rungen oder Bedingungen des Auftraggebers haben keine G\u00fcltigkeit, selbst wenn diesen nicht ausdr\u00fccklich widersprochen wurden. Abweichende Vereinbarungen bed\u00fcrfen der Schriftform.<\/p>\n\n\n\n<p>Die deutsche Sprache ist Verhandlungs- und Vertragssprache. Erf\u00fcllungsort und Gerichtsstand ist uffbasse.<\/p>\n\n\n\n<p>2. Vertragsabschl\u00fcsse<\/p>\n\n\n\n<p>Erteilte Auftr\u00e4ge, auch fernm\u00fcndlicher \u00dcbermittlung, mittels Fax \/ Brief &nbsp;oder per E-mail sind f\u00fcr den Auftraggeber bindend.<\/p>\n\n\n\n<p>Der Umfang der Leistungen ergibt sich aus der Auftragsbest\u00e4tigung. Werden danach weitere Leistungen in Auftrag gegeben, werden diese ebenfalls nur nach Best\u00e4tigung ausgef\u00fchrt. Getroffene Preisaussagen sind bindend.<\/p>\n\n\n\n<p>3. Zahlung und R\u00fccktritt<\/p>\n\n\n\n<p>Die&nbsp;gesamte Zahlung&nbsp;(Restzahlung)&nbsp;wird sp\u00e4testens 1 Woche vor Veranstaltung per Bank\u00fcberweisung f\u00e4llig wie auf der Buchungsbest\u00e4tigung vereinbart.<\/p>\n\n\n\n<p>Wenn die vereinbarte Zahlung nicht bis zur oben genannten Frist eintrifft, hat DJ Pete Entertainment das Recht den Auftrag zu widerrufen.<\/p>\n\n\n\n<p>Wird ein bereits erteilter Auftrag innerhalb 100 Tagen vor Veranstaltung vom Auftraggeber&nbsp;storniert ist eine Bearbeitungsgeb\u00fchr von 50 % der vereinbarten Gage zu zahlen.&nbsp;Wird ein bereits erteilter Auftrag innerhalb 30 Tagen vor Veranstaltung storniert ist eine Bearbeitungsgeb\u00fchr von 100 % der vereinbarten Gage zu zahlen.<\/p>\n\n\n\n<p>4. R\u00fccktritt durch DJ Pete Entertainment&nbsp;vom Vertrag<\/p>\n\n\n\n<p>Kommt DJ Pete Entertainment&nbsp;infolge einer Krankheit etc. seinem Vertragsverpflichtungen nicht nach, so hat&nbsp;DJ Pete Entertainment&nbsp;dem Auftraggeber ein schriftliches \u00e4rztliches Attest zu \u00fcbersenden \/ vorzulegen.<\/p>\n\n\n\n<p>DJ Pete Entertainment&nbsp;beh\u00e4lt sich das Recht vor, in Folge von massiven&nbsp;technischen Ausf\u00e4llen, Krankheit , Unfall oder bei h\u00f6herer Gewalt ohne Inanspruchnahme einer Konventionalstrafe \/ Regress durch den Auftraggeber vom Vertrag zur\u00fcck zu treten.<\/p>\n\n\n\n<p>Bei einem R\u00fccktritt durch DJ Pete Entertainment, wird er sich um einem gleichwertigen Ersatz bem\u00fchen.<\/p>\n\n\n\n<p>F\u00fcr ein Ersatz kann er nicht verpflichtet werden.<\/p>\n\n\n\n<p>5. Genehmigungen und Geb\u00fchren<\/p>\n\n\n\n<p>Der Veranstalter tr\u00e4gt die Kosten&nbsp;(bei \u00f6ffentlichen Veranstaltungen)&nbsp;f\u00fcr GEMA-Geb\u00fchren f\u00fcr die musikalische Auff\u00fchrung mit industriellen Tontr\u00e4gern,<\/p>\n\n\n\n<p>mit digitalen Kopien (z.B. Mp3) \/ &nbsp;Videodateien urheberrechtlich gesch\u00fctzter Werke.<\/p>\n\n\n\n<p><\/p>\n\n\n\n<p>Mit der Auftragserteilung werden diese AGB in vollem Umfang angenommen.<\/p>\n\n\n\n<p>Stand 2026<\/p>\n<\/div>\n<\/div>\n\n\n\n<div class=\"wp-block-columns alignwide is-layout-flex wp-container-core-columns-is-layout-08c01c1c wp-block-columns-is-layout-flex\">\n<div class=\"wp-block-column is-layout-flow wp-container-core-column-is-layout-119bc444 wp-block-column-is-layout-flow\">\n<div class=\"wp-block-group is-style-ext-preset--group--natural-1--item-card-1--align-start has-global-padding is-layout-constrained wp-block-group-is-layout-constrained is-style-ext-preset--group--natural-1--item-card-1--align-start--3\">\n<div class=\"wp-block-group is-style-default has-global-padding is-layout-constrained wp-block-group-is-layout-constrained\">\n<h3 class=\"wp-block-heading\">Wie kann ich eine Veranstaltung bei DJ Pete Entertainment buchen?<\/h3>\n\n\n\n<p>Kontaktieren Sie uns per E-Mail oder Telefon, um Ihre Buchung verbindlich zu machen und Details zu besprechen.<\/p>\n<\/div>\n<\/div>\n<\/div>\n\n\n\n<div class=\"wp-block-column is-layout-flow wp-container-core-column-is-layout-119bc444 wp-block-column-is-layout-flow\">\n<div class=\"wp-block-group is-style-ext-preset--group--natural-1--item-card-1--align-start has-global-padding is-layout-constrained wp-block-group-is-layout-constrained is-style-ext-preset--group--natural-1--item-card-1--align-start--4\">\n<div class=\"wp-block-group is-style-default has-global-padding is-layout-constrained wp-block-group-is-layout-constrained\"><\/div>\n<\/div>\n<\/div>\n<\/div>\n\n\n\n<div class=\"wp-block-columns alignwide is-layout-flex wp-container-core-columns-is-layout-967d05ff wp-block-columns-is-layout-flex\" style=\"margin-top:var(--wp--preset--spacing--40)\">\n<div class=\"wp-block-column is-layout-flow wp-container-core-column-is-layout-119bc444 wp-block-column-is-layout-flow\">\n<div class=\"wp-block-group is-style-ext-preset--group--natural-1--item-card-1--align-start has-global-padding is-layout-constrained wp-block-group-is-layout-constrained is-style-ext-preset--group--natural-1--item-card-1--align-start--5\">\n<div class=\"wp-block-group is-style-default has-global-padding is-layout-constrained wp-block-group-is-layout-constrained\">\n<h3 class=\"wp-block-heading\">Welche Zahlungsmethoden werden akzeptiert?<\/h3>\n\n\n\n<p>Zahlungen erfolgen per \u00dcberweisung oder PayPal, jeweils vor dem Veranstaltungstermin.<\/p>\n<\/div>\n<\/div>\n<\/div>\n\n\n\n<div class=\"wp-block-column is-layout-flow wp-container-core-column-is-layout-119bc444 wp-block-column-is-layout-flow\">\n<div class=\"wp-block-group is-style-ext-preset--group--natural-1--item-card-1--align-start has-global-padding is-layout-constrained wp-block-group-is-layout-constrained is-style-ext-preset--group--natural-1--item-card-1--align-start--6\">\n<div class=\"wp-block-group is-style-default has-global-padding is-layout-constrained wp-block-group-is-layout-constrained\">\n<h3 class=\"wp-block-heading\">Welche Leistungen sind in meinem DJ-Paket enthalten?<\/h3>\n\n\n\n<p>Alle Pakete umfassen DJ-Performance, Sound- und Lichttechnik sowie individuelle Musikw\u00fcnsche.<\/p>\n<\/div>\n<\/div>\n<\/div>\n<\/div>\n\n\n\n<div class=\"wp-block-columns alignwide is-layout-flex wp-container-core-columns-is-layout-967d05ff wp-block-columns-is-layout-flex\" style=\"margin-top:var(--wp--preset--spacing--40)\">\n<div class=\"wp-block-column is-layout-flow wp-container-core-column-is-layout-119bc444 wp-block-column-is-layout-flow\">\n<div class=\"wp-block-group is-style-ext-preset--group--natural-1--item-card-1--align-start has-global-padding is-layout-constrained wp-block-group-is-layout-constrained is-style-ext-preset--group--natural-1--item-card-1--align-start--7\">\n<div class=\"wp-block-group is-style-default has-global-padding is-layout-constrained wp-block-group-is-layout-constrained\">\n<h3 class=\"wp-block-heading\">Wie fr\u00fch sollte ich meine Veranstaltung buchen?<\/h3>\n\n\n\n<p>Wir empfehlen, mindestens 1 Jahr im Voraus zu buchen, um Verf\u00fcgbarkeit zu garantieren.<\/p>\n<\/div>\n<\/div>\n<\/div>\n\n\n\n<div class=\"wp-block-column is-layout-flow wp-container-core-column-is-layout-119bc444 wp-block-column-is-layout-flow\">\n<div class=\"wp-block-group is-style-ext-preset--group--natural-1--item-card-1--align-start has-global-padding is-layout-constrained wp-block-group-is-layout-constrained is-style-ext-preset--group--natural-1--item-card-1--align-start--8\">\n<div class=\"wp-block-group is-style-default has-global-padding is-layout-constrained wp-block-group-is-layout-constrained\">\n<h3 class=\"wp-block-heading\"><\/h3>\n<\/div>\n<\/div>\n<\/div>\n<\/div>\n<\/div>\n\n\n\n<div class=\"wp-block-group alignfull is-style-ext-preset--group--natural-1--section has-background-background-color has-background has-global-padding is-layout-constrained wp-container-core-group-is-layout-18437aeb wp-block-group-is-layout-constrained\" style=\"margin-top:0;margin-bottom:0;padding-top:var(--wp--preset--spacing--70);padding-right:0;padding-bottom:var(--wp--preset--spacing--70);padding-left:0\">\n<div class=\"wp-block-group alignwide is-style-ext-preset--group--natural-1--item-card-1--align-start has-global-padding is-layout-constrained wp-block-group-is-layout-constrained is-style-ext-preset--group--natural-1--item-card-1--align-start--10\">\n<div class=\"wp-block-cover alignwide is-style-ext-preset--cover--natural-1--cover-overlay-1 is-style-ext-preset--cover--natural-1--cover-overlay-1--11\" style=\"padding-top:var(--wp--preset--spacing--55);padding-right:var(--wp--preset--spacing--30);padding-bottom:var(--wp--preset--spacing--55);padding-left:var(--wp--preset--spacing--30)\"><img loading=\"lazy\" decoding=\"async\" width=\"1440\" height=\"1080\" class=\"wp-block-cover__image-background wp-image-166\" alt=\"\" src=\"https:\/\/djpete.eu\/wp-content\/uploads\/2026\/02\/f1f1d5f904dff682a4ff06a1cdc98ee587a812a9.jpg\" data-object-fit=\"cover\" srcset=\"https:\/\/djpete.eu\/wp-content\/uploads\/2026\/02\/f1f1d5f904dff682a4ff06a1cdc98ee587a812a9.jpg 1440w, https:\/\/djpete.eu\/wp-content\/uploads\/2026\/02\/f1f1d5f904dff682a4ff06a1cdc98ee587a812a9-300x225.jpg 300w, https:\/\/djpete.eu\/wp-content\/uploads\/2026\/02\/f1f1d5f904dff682a4ff06a1cdc98ee587a812a9-1024x768.jpg 1024w, https:\/\/djpete.eu\/wp-content\/uploads\/2026\/02\/f1f1d5f904dff682a4ff06a1cdc98ee587a812a9-768x576.jpg 768w, https:\/\/djpete.eu\/wp-content\/uploads\/2026\/02\/f1f1d5f904dff682a4ff06a1cdc98ee587a812a9-16x12.jpg 16w\" sizes=\"auto, (max-width: 1440px) 100vw, 1440px\" \/><span aria-hidden=\"true\" class=\"wp-block-cover__background has-background-dim-80 has-background-dim\" style=\"background-color:#010101\"><\/span><div class=\"wp-block-cover__inner-container has-global-padding is-layout-constrained wp-container-core-cover-is-layout-8484a25a wp-block-cover-is-layout-constrained\">\n<div class=\"wp-block-group alignwide is-vertical is-content-justification-center is-layout-flex wp-container-core-group-is-layout-b5c398d7 wp-block-group-is-layout-flex\" style=\"padding-top:0;padding-right:0;padding-bottom:0;padding-left:0\">\n<figure class=\"wp-block-image size-large wp-duotone-rgb245242241-000000-12\"><img decoding=\"async\" src=\"data:image\/svg+xml;base64,PHN2ZyB4bWxucz0iaHR0cDovL3d3dy53My5vcmcvMjAwMC9zdmciIHdpZHRoPSI5NiIgaGVpZ2h0PSI5NiIgZmlsbD0iIzAwMDAwMCIgdmlld0JveD0iMCAwIDI1NiAyNTYiPjxwYXRoIGQ9Ik04MC41NywxMTdBOCw4LDAsMCwxLDkxLDExMi41N2wyOSwxMS42MVY5NmE4LDgsMCwwLDEsMTYsMHYyOC4xOGwyOS0xMS42MUE4LDgsMCwxLDEsMTcxLDEyNy40M2wtMzAuMzEsMTIuMTJMMTU4LjQsMTYzLjJhOCw4LDAsMSwxLTEyLjgsOS42TDEyOCwxNDkuMzMsMTEwLjQsMTcyLjhhOCw4LDAsMSwxLTEyLjgtOS42bDE3Ljc0LTIzLjY1TDg1LDEyNy40M0E4LDgsMCwwLDEsODAuNTcsMTE3Wk0yMjQsNTZ2NTZjMCw1Mi43Mi0yNS41Miw4NC42Ny00Ni45MywxMDIuMTktMjMuMDYsMTguODYtNDYsMjUuMjctNDcsMjUuNTNhOCw4LDAsMCwxLTQuMiwwYy0xLS4yNi0yMy45MS02LjY3LTQ3LTI1LjUzQzU3LjUyLDE5Ni42NywzMiwxNjQuNzIsMzIsMTEyVjU2QTE2LDE2LDAsMCwxLDQ4LDQwSDIwOEExNiwxNiwwLDAsMSwyMjQsNTZabS0xNiwwTDQ4LDU2bDAsNTZjMCwzNy4zLDEzLjgyLDY3LjUxLDQxLjA3LDg5LjgxQTEyOC4yNSwxMjguMjUsMCwwLDAsMTI4LDIyMy42MmExMjkuMywxMjkuMywwLDAsMCwzOS40MS0yMi4yQzE5NC4zNCwxNzkuMTYsMjA4LDE0OS4wNywyMDgsMTEyWiI+PC9wYXRoPjwvc3ZnPg==\" alt=\"\"\/><\/figure>\n\n\n\n<div class=\"wp-block-group has-global-padding is-layout-constrained wp-container-core-group-is-layout-f1e34d34 wp-block-group-is-layout-constrained\" style=\"padding-top:0;padding-right:0;padding-bottom:0;padding-left:0\">\n<h2 class=\"wp-block-heading has-text-align-center has-x-large-font-size\" style=\"margin-bottom:24px\">Verl\u00e4sslicher Schutz f\u00fcr Ihre vollste Zufriedenheit<\/h2>\n\n\n\n<p class=\"has-text-align-center\" style=\"font-size:clamp(14px, 0.875rem + ((1vw - 3.2px) * 0.417), 18px);\">Dieser Abschnitt erkl\u00e4rt unsere Garantiebedingungen und betont unseren schnellen Support sowie die unkomplizierte R\u00fcckabwicklung, um Ihre Zufriedenheit und Ihr Vertrauen sicherzustellen.<\/p>\n<\/div>\n<\/div>\n<\/div><\/div>\n<\/div>\n<\/div>\n\n\n\n<div class=\"wp-block-group alignfull is-style-ext-preset--group--natural-1--section has-tertiary-background-color has-background has-global-padding is-layout-constrained wp-block-group-is-layout-constrained\" style=\"margin-top:0;margin-bottom:0;padding-top:var(--wp--preset--spacing--70);padding-bottom:var(--wp--preset--spacing--70)\">\n<div class=\"wp-block-columns alignwide is-layout-flex wp-container-core-columns-is-layout-08c01c1c wp-block-columns-is-layout-flex\">\n<div class=\"wp-block-column is-vertically-aligned-center is-layout-flow wp-block-column-is-layout-flow\">\n<figure class=\"wp-block-image is-style-ext-preset--image--natural-1--image-1--content-left is-style-ext-preset--image--natural-1--image-1--content-left--14\"><img loading=\"lazy\" decoding=\"async\" width=\"1440\" height=\"961\" src=\"https:\/\/djpete.eu\/wp-content\/uploads\/2026\/02\/6262a98cd1d5fc17f4c4f15b8735332c1665a613.jpg\" alt=\"\" class=\"wp-image-167\" style=\"aspect-ratio:4\/3;object-fit:cover\" srcset=\"https:\/\/djpete.eu\/wp-content\/uploads\/2026\/02\/6262a98cd1d5fc17f4c4f15b8735332c1665a613.jpg 1440w, https:\/\/djpete.eu\/wp-content\/uploads\/2026\/02\/6262a98cd1d5fc17f4c4f15b8735332c1665a613-300x200.jpg 300w, https:\/\/djpete.eu\/wp-content\/uploads\/2026\/02\/6262a98cd1d5fc17f4c4f15b8735332c1665a613-1024x683.jpg 1024w, https:\/\/djpete.eu\/wp-content\/uploads\/2026\/02\/6262a98cd1d5fc17f4c4f15b8735332c1665a613-768x513.jpg 768w, https:\/\/djpete.eu\/wp-content\/uploads\/2026\/02\/6262a98cd1d5fc17f4c4f15b8735332c1665a613-18x12.jpg 18w\" sizes=\"auto, (max-width: 1440px) 100vw, 1440px\" \/><\/figure>\n<\/div>\n\n\n\n<div class=\"wp-block-column is-vertically-aligned-stretch is-layout-flow wp-block-column-is-layout-flow\">\n<div class=\"wp-block-group alignwide is-style-ext-preset--group--natural-1--item-card-1--align-start has-background-background-color has-background is-nowrap is-layout-flex wp-container-core-group-is-layout-bcde1d39 wp-block-group-is-layout-flex is-style-ext-preset--group--natural-1--item-card-1--align-start--15\" style=\"min-height:100%;padding-top:0;padding-right:0;padding-bottom:0;padding-left:0\">\n<div class=\"wp-block-group alignwide has-global-padding is-layout-constrained wp-container-core-group-is-layout-71f8e6ab wp-block-group-is-layout-constrained\" style=\"padding-top:var(--wp--preset--spacing--50);padding-right:var(--wp--preset--spacing--50);padding-bottom:var(--wp--preset--spacing--50);padding-left:var(--wp--preset--spacing--50)\">\n<div class=\"wp-block-group has-global-padding is-layout-constrained wp-container-core-group-is-layout-812d5580 wp-block-group-is-layout-constrained\" style=\"padding-top:0;padding-right:0;padding-bottom:0;padding-left:0\">\n<p style=\"font-size:clamp(14px, 0.875rem + ((1vw - 3.2px) * 0.417), 18px);\">F\u00fcr eine reibungslose Kontaktaufnahme finden Sie hier unsere Telefonnummer und E-Mail-Adresse.<\/p>\n\n\n\n<div class=\"wp-block-columns are-vertically-aligned-center is-not-stacked-on-mobile is-layout-flex wp-container-core-columns-is-layout-6db7e666 wp-block-columns-is-layout-flex\">\n<div class=\"wp-block-column is-vertically-aligned-center is-layout-flow wp-block-column-is-layout-flow\" style=\"flex-basis:24px\">\n<figure class=\"wp-block-image size-large wp-duotone-primary-foreground\"><img decoding=\"async\" src=\"data:image\/svg+xml;base64,PHN2ZyB4bWxucz0iaHR0cDovL3d3dy53My5vcmcvMjAwMC9zdmciIHdpZHRoPSIyNCIgaGVpZ2h0PSIyNCIgZmlsbD0iIzAwMDAwMCIgdmlld0JveD0iMCAwIDI1NiAyNTYiPjxwYXRoIGQ9Ik0yMjIuMzcsMTU4LjQ2bC00Ny4xMS0yMS4xMS0uMTMtLjA2YTE2LDE2LDAsMCwwLTE1LjE3LDEuNCw4LjEyLDguMTIsMCwwLDAtLjc1LjU2TDEzNC44NywxNjBjLTE1LjQyLTcuNDktMzEuMzQtMjMuMjktMzguODMtMzguNTFsMjAuNzgtMjQuNzFjLjItLjI1LjM5LS41LjU3LS43N2ExNiwxNiwwLDAsMCwxLjMyLTE1LjA2bDAtLjEyTDk3LjU0LDMzLjY0YTE2LDE2LDAsMCwwLTE2LjYyLTkuNTJBNTYuMjYsNTYuMjYsMCwwLDAsMzIsODBjMCw3OS40LDY0LjYsMTQ0LDE0NCwxNDRhNTYuMjYsNTYuMjYsMCwwLDAsNTUuODgtNDguOTJBMTYsMTYsMCwwLDAsMjIyLjM3LDE1OC40NlpNMTc2LDIwOEExMjguMTQsMTI4LjE0LDAsMCwxLDQ4LDgwLDQwLjIsNDAuMiwwLDAsMSw4Mi44Nyw0MGEuNjEuNjEsMCwwLDAsMCwuMTJsMjEsNDdMODMuMiwxMTEuODZhNi4xMyw2LjEzLDAsMCwwLS41Ny43NywxNiwxNiwwLDAsMC0xLDE1LjdjOS4wNiwxOC41MywyNy43MywzNy4wNiw0Ni40Niw0Ni4xMWExNiwxNiwwLDAsMCwxNS43NS0xLjE0LDguNDQsOC40NCwwLDAsMCwuNzQtLjU2TDE2OC44OSwxNTJsNDcsMjEuMDVoMHMuMDgsMCwuMTEsMEE0MC4yMSw0MC4yMSwwLDAsMSwxNzYsMjA4WiI+PC9wYXRoPjwvc3ZnPg==\" alt=\"\"\/><\/figure>\n<\/div>\n\n\n\n<div class=\"wp-block-column is-vertically-aligned-center is-layout-flow wp-container-core-column-is-layout-8a368f38 wp-block-column-is-layout-flow\">\n<p class=\"has-medium-font-size\" style=\"font-style:normal;font-weight:500\">+4915234581822<\/p>\n<\/div>\n<\/div>\n\n\n\n<div class=\"wp-block-columns are-vertically-aligned-center is-not-stacked-on-mobile is-layout-flex wp-container-core-columns-is-layout-6db7e666 wp-block-columns-is-layout-flex\">\n<div class=\"wp-block-column is-vertically-aligned-center is-layout-flow wp-block-column-is-layout-flow\" style=\"flex-basis:24px\">\n<figure class=\"wp-block-image size-large wp-duotone-primary-foreground\"><img decoding=\"async\" src=\"data:image\/svg+xml;base64,PHN2ZyB4bWxucz0iaHR0cDovL3d3dy53My5vcmcvMjAwMC9zdmciIHdpZHRoPSIyNCIgaGVpZ2h0PSIyNCIgZmlsbD0iIzAwMDAwMCIgdmlld0JveD0iMCAwIDI1NiAyNTYiPjxwYXRoIGQ9Ik0yMjQsNDhIMzJhOCw4LDAsMCwwLTgsOFYxOTJhMTYsMTYsMCwwLDAsMTYsMTZIMjE2YTE2LDE2LDAsMCwwLDE2LTE2VjU2QTgsOCwwLDAsMCwyMjQsNDhaTTIwMy40Myw2NCwxMjgsMTMzLjE1LDUyLjU3LDY0Wk0yMTYsMTkySDQwVjc0LjE5bDgyLjU5LDc1LjcxYTgsOCwwLDAsMCwxMC44MiwwTDIxNiw3NC4xOVYxOTJaIj48L3BhdGg+PC9zdmc+\" alt=\"\"\/><\/figure>\n<\/div>\n\n\n\n<div class=\"wp-block-column is-vertically-aligned-center is-layout-flow wp-container-core-column-is-layout-8a368f38 wp-block-column-is-layout-flow\">\n<p class=\"has-medium-font-size\" style=\"font-style:normal;font-weight:500\">djpete@gmx.de<\/p>\n<\/div>\n<\/div>\n<\/div>\n<\/div>\n<\/div>\n<\/div>\n<\/div>\n<\/div>","protected":false},"excerpt":{"rendered":"<p>Allgemeine Gesch\u00e4ftsbedingungen von DJ Pete Entertainment 1. Geltungsbereich und Gerichtsstand Auftr\u00e4ge werden nur zu den nachstehenden Bedingungen angenommen und auch nur danach ausgef\u00fchrt. Abweichende Erkl\u00e4rungen oder Bedingungen des Auftraggebers haben keine G\u00fcltigkeit, selbst wenn diesen nicht ausdr\u00fccklich widersprochen wurden. Abweichende Vereinbarungen bed\u00fcrfen der Schriftform. Die deutsche Sprache ist Verhandlungs- und Vertragssprache. Erf\u00fcllungsort und Gerichtsstand ist [&hellip;]<\/p>\n","protected":false},"author":1,"featured_media":0,"parent":0,"menu_order":0,"comment_status":"closed","ping_status":"closed","template":"page-with-title","meta":{"footnotes":""},"class_list":["post-131","page","type-page","status-publish","hentry"],"_links":{"self":[{"href":"https:\/\/djpete.eu\/en\/wp-json\/wp\/v2\/pages\/131","targetHints":{"allow":["GET"]}}],"collection":[{"href":"https:\/\/djpete.eu\/en\/wp-json\/wp\/v2\/pages"}],"about":[{"href":"https:\/\/djpete.eu\/en\/wp-json\/wp\/v2\/types\/page"}],"author":[{"embeddable":true,"href":"https:\/\/djpete.eu\/en\/wp-json\/wp\/v2\/users\/1"}],"replies":[{"embeddable":true,"href":"https:\/\/djpete.eu\/en\/wp-json\/wp\/v2\/comments?post=131"}],"version-history":[{"count":44,"href":"https:\/\/djpete.eu\/en\/wp-json\/wp\/v2\/pages\/131\/revisions"}],"predecessor-version":[{"id":239,"href":"https:\/\/djpete.eu\/en\/wp-json\/wp\/v2\/pages\/131\/revisions\/239"}],"wp:attachment":[{"href":"https:\/\/djpete.eu\/en\/wp-json\/wp\/v2\/media?parent=131"}],"curies":[{"name":"wp","href":"https:\/\/api.w.org\/{rel}","templated":true}]}}